{"id":32222,"date":"2021-10-26T18:30:49","date_gmt":"2021-10-26T16:30:49","guid":{"rendered":"https:\/\/mercatfincamasroig.com\/producto\/formatge-bruc\/"},"modified":"2024-05-09T15:23:38","modified_gmt":"2024-05-09T14:23:38","slug":"formatge-bruc","status":"publish","type":"product","link":"https:\/\/mercatfincamasroig.com\/es\/producte\/formatge-bruc\/","title":{"rendered":"Queso Bruc"},"content":{"rendered":"<p>Queso tipo Tomme, elaborado con leche cruda de cabra.<br \/>\nDe coagulaci\u00f3n enzim\u00e1tica, pasta prensada y corteza enmohecida natural.<\/p>\n<p>Presenta una corteza de color blanco-marfil, muy homog\u00e9nea, semi-dura, de tacto fino y ligeramente gruesa.<br \/>\nLa pasta o coraz\u00f3n del queso es firme, ligeramente cremosa y con cierta elasticidad debido a la maduraci\u00f3n y proceso de cuajado de la leche, as\u00ed como del escurrido, oreo y maduraci\u00f3n del propio queso. A simple vista podemos observar un color blanco-marfil puro, muy homog\u00e9neo y con presencia de algunos ojos (orificios) propios de la acci\u00f3n de los fermentos l\u00e1cteos y del trabajo manual del proceso de moldeado.<\/p>\n<p>En aroma contiene matices de hongo (champi\u00f1\u00f3n) y arcilla h\u00fameda, propia de las antiguas tinas de vino donde madura este queso.<br \/>\nEl sabor es ligeramente picante y afrutado, con notas suaves de nata, fruta y nueces.<br \/>\nCuando degustamos la corteza se potencia el sabor picante y las notas de frutos secos.<\/p>\n","protected":false},"excerpt":{"rendered":"<ul>\n<li>Queso tipo Tomme, elaborado con leche cruda de cabra.<\/li>\n<li>De coagulaci\u00f3n enzim\u00e1tica, pasta prensada y corteza enmohecida natural.<\/li>\n<li>Maduraci\u00f3n: 60-80 d\u00edas aproximadamente.<\/li>\n<li>Tama\u00f1o\/Peso:<br \/>\nPieza entera: 1.600 gr \u00b1 200 gr<\/li>\n<\/ul>\n","protected":false},"featured_media":29592,"template":"","meta":[],"product_brand":[],"product_cat":[291,293],"product_tag":[],"class_list":{"0":"post-32222","1":"product","2":"type-product","3":"status-publish","4":"has-post-thumbnail","6":"product_cat-productos-de-granja","7":"product_cat-quesos","9":"first","10":"outofstock","11":"taxable","12":"shipping-taxable","13":"purchasable","14":"product-type-simple"},"yoast_head":"<!-- This site is optimized with the Yoast SEO plugin v26.6 - https:\/\/yoast.com\/wordpress\/plugins\/seo\/ -->\n<title>Queso Bruc - Mercat Finca Mas Roig<\/title>\n<meta name=\"description\" content=\"El formtage Bruc es un formatge tipus \u201cTomme\u201d, elaborat amb llet crua de cabra.De coagulaci\u00f3 enzim\u00e0tica, pasta premsada i escor\u00e7a florida natural.\" \/>\n<meta name=\"robots\" content=\"index, follow, max-snippet:-1, max-image-preview:large, max-video-preview:-1\" \/>\n<link rel=\"canonical\" href=\"https:\/\/mercatfincamasroig.com\/producte\/formatge-bruc\/\" \/>\n<meta property=\"og:locale\" content=\"es_ES\" \/>\n<meta property=\"og:type\" content=\"article\" \/>\n<meta property=\"og:title\" content=\"Queso Bruc - Mercat Finca Mas Roig\" \/>\n<meta property=\"og:description\" content=\"El formtage Bruc es un formatge tipus \u201cTomme\u201d, elaborat amb llet crua de cabra.De coagulaci\u00f3 enzim\u00e0tica, pasta premsada i escor\u00e7a florida natural.\" \/>\n<meta property=\"og:url\" content=\"https:\/\/mercatfincamasroig.com\/producte\/formatge-bruc\/\" \/>\n<meta property=\"og:site_name\" content=\"Mercat Finca Mas Roig\" \/>\n<meta property=\"article:modified_time\" content=\"2024-05-09T14:23:38+00:00\" \/>\n<meta property=\"og:image\" content=\"https:\/\/mercatfincamasroig.com\/wp-content\/uploads\/2021\/10\/formathe-bruc-mercat-finca-mas-roig.jpeg\" \/>\n\t<meta property=\"og:image:width\" content=\"800\" \/>\n\t<meta property=\"og:image:height\" content=\"801\" \/>\n\t<meta property=\"og:image:type\" content=\"image\/jpeg\" \/>\n<meta name=\"twitter:card\" content=\"summary_large_image\" \/>\n<meta name=\"twitter:label1\" content=\"Tiempo de lectura\" \/>\n\t<meta name=\"twitter:data1\" content=\"1 minuto\" \/>\n<script type=\"application\/ld+json\" class=\"yoast-schema-graph\">{\"@context\":\"https:\/\/schema.org\",\"@graph\":[{\"@type\":\"WebPage\",\"@id\":\"https:\/\/mercatfincamasroig.com\/producte\/formatge-bruc\/\",\"url\":\"https:\/\/mercatfincamasroig.com\/producte\/formatge-bruc\/\",\"name\":\"Queso Bruc - Mercat Finca Mas Roig\",\"isPartOf\":{\"@id\":\"https:\/\/mercatfincamasroig.com\/#website\"},\"primaryImageOfPage\":{\"@id\":\"https:\/\/mercatfincamasroig.com\/producte\/formatge-bruc\/#primaryimage\"},\"image\":{\"@id\":\"https:\/\/mercatfincamasroig.com\/producte\/formatge-bruc\/#primaryimage\"},\"thumbnailUrl\":\"https:\/\/mercatfincamasroig.com\/wp-content\/uploads\/2021\/10\/formathe-bruc-mercat-finca-mas-roig.jpeg\",\"datePublished\":\"2021-10-26T16:30:49+00:00\",\"dateModified\":\"2024-05-09T14:23:38+00:00\",\"description\":\"El formtage Bruc es un formatge tipus \u201cTomme\u201d, elaborat amb llet crua de cabra.De coagulaci\u00f3 enzim\u00e0tica, pasta premsada i escor\u00e7a florida natural.\",\"breadcrumb\":{\"@id\":\"https:\/\/mercatfincamasroig.com\/producte\/formatge-bruc\/#breadcrumb\"},\"inLanguage\":\"es\",\"potentialAction\":[{\"@type\":\"ReadAction\",\"target\":[\"https:\/\/mercatfincamasroig.com\/producte\/formatge-bruc\/\"]}]},{\"@type\":\"ImageObject\",\"inLanguage\":\"es\",\"@id\":\"https:\/\/mercatfincamasroig.com\/producte\/formatge-bruc\/#primaryimage\",\"url\":\"https:\/\/mercatfincamasroig.com\/wp-content\/uploads\/2021\/10\/formathe-bruc-mercat-finca-mas-roig.jpeg\",\"contentUrl\":\"https:\/\/mercatfincamasroig.com\/wp-content\/uploads\/2021\/10\/formathe-bruc-mercat-finca-mas-roig.jpeg\",\"width\":800,\"height\":801,\"caption\":\"formathe bruc mercat finca mas roig\"},{\"@type\":\"BreadcrumbList\",\"@id\":\"https:\/\/mercatfincamasroig.com\/producte\/formatge-bruc\/#breadcrumb\",\"itemListElement\":[{\"@type\":\"ListItem\",\"position\":1,\"name\":\"Portada\",\"item\":\"https:\/\/mercatfincamasroig.com\/es\/\"},{\"@type\":\"ListItem\",\"position\":2,\"name\":\"Productes\",\"item\":\"https:\/\/mercatfincamasroig.com\/shop\/\"},{\"@type\":\"ListItem\",\"position\":3,\"name\":\"Queso Bruc\"}]},{\"@type\":\"WebSite\",\"@id\":\"https:\/\/mercatfincamasroig.com\/#website\",\"url\":\"https:\/\/mercatfincamasroig.com\/\",\"name\":\"C\u00edtrics Finca Mas Roig\",\"description\":\"Botiga online de producte de mercat a casa de KM0 Terres de l\u2019Ebre\",\"publisher\":{\"@id\":\"https:\/\/mercatfincamasroig.com\/#organization\"},\"potentialAction\":[{\"@type\":\"SearchAction\",\"target\":{\"@type\":\"EntryPoint\",\"urlTemplate\":\"https:\/\/mercatfincamasroig.com\/?s={search_term_string}\"},\"query-input\":{\"@type\":\"PropertyValueSpecification\",\"valueRequired\":true,\"valueName\":\"search_term_string\"}}],\"inLanguage\":\"es\"},{\"@type\":\"Organization\",\"@id\":\"https:\/\/mercatfincamasroig.com\/#organization\",\"name\":\"C\u00edtrics Finca Mas Roig\",\"url\":\"https:\/\/mercatfincamasroig.com\/\",\"logo\":{\"@type\":\"ImageObject\",\"inLanguage\":\"es\",\"@id\":\"https:\/\/mercatfincamasroig.com\/#\/schema\/logo\/image\/\",\"url\":\"\",\"contentUrl\":\"\",\"caption\":\"C\u00edtrics Finca Mas Roig\"},\"image\":{\"@id\":\"https:\/\/mercatfincamasroig.com\/#\/schema\/logo\/image\/\"}}]}<\/script>\n<!-- \/ Yoast SEO plugin. -->","yoast_head_json":{"title":"Queso Bruc - Mercat Finca Mas Roig","description":"El formtage Bruc es un formatge tipus \u201cTomme\u201d, elaborat amb llet crua de cabra.De coagulaci\u00f3 enzim\u00e0tica, pasta premsada i escor\u00e7a florida natural.","robots":{"index":"index","follow":"follow","max-snippet":"max-snippet:-1","max-image-preview":"max-image-preview:large","max-video-preview":"max-video-preview:-1"},"canonical":"https:\/\/mercatfincamasroig.com\/producte\/formatge-bruc\/","og_locale":"es_ES","og_type":"article","og_title":"Queso Bruc - Mercat Finca Mas Roig","og_description":"El formtage Bruc es un formatge tipus \u201cTomme\u201d, elaborat amb llet crua de cabra.De coagulaci\u00f3 enzim\u00e0tica, pasta premsada i escor\u00e7a florida natural.","og_url":"https:\/\/mercatfincamasroig.com\/producte\/formatge-bruc\/","og_site_name":"Mercat Finca Mas Roig","article_modified_time":"2024-05-09T14:23:38+00:00","og_image":[{"width":800,"height":801,"url":"https:\/\/mercatfincamasroig.com\/wp-content\/uploads\/2021\/10\/formathe-bruc-mercat-finca-mas-roig.jpeg","type":"image\/jpeg"}],"twitter_card":"summary_large_image","twitter_misc":{"Tiempo de lectura":"1 minuto"},"schema":{"@context":"https:\/\/schema.org","@graph":[{"@type":"WebPage","@id":"https:\/\/mercatfincamasroig.com\/producte\/formatge-bruc\/","url":"https:\/\/mercatfincamasroig.com\/producte\/formatge-bruc\/","name":"Queso Bruc - Mercat Finca Mas Roig","isPartOf":{"@id":"https:\/\/mercatfincamasroig.com\/#website"},"primaryImageOfPage":{"@id":"https:\/\/mercatfincamasroig.com\/producte\/formatge-bruc\/#primaryimage"},"image":{"@id":"https:\/\/mercatfincamasroig.com\/producte\/formatge-bruc\/#primaryimage"},"thumbnailUrl":"https:\/\/mercatfincamasroig.com\/wp-content\/uploads\/2021\/10\/formathe-bruc-mercat-finca-mas-roig.jpeg","datePublished":"2021-10-26T16:30:49+00:00","dateModified":"2024-05-09T14:23:38+00:00","description":"El formtage Bruc es un formatge tipus \u201cTomme\u201d, elaborat amb llet crua de cabra.De coagulaci\u00f3 enzim\u00e0tica, pasta premsada i escor\u00e7a florida natural.","breadcrumb":{"@id":"https:\/\/mercatfincamasroig.com\/producte\/formatge-bruc\/#breadcrumb"},"inLanguage":"es","potentialAction":[{"@type":"ReadAction","target":["https:\/\/mercatfincamasroig.com\/producte\/formatge-bruc\/"]}]},{"@type":"ImageObject","inLanguage":"es","@id":"https:\/\/mercatfincamasroig.com\/producte\/formatge-bruc\/#primaryimage","url":"https:\/\/mercatfincamasroig.com\/wp-content\/uploads\/2021\/10\/formathe-bruc-mercat-finca-mas-roig.jpeg","contentUrl":"https:\/\/mercatfincamasroig.com\/wp-content\/uploads\/2021\/10\/formathe-bruc-mercat-finca-mas-roig.jpeg","width":800,"height":801,"caption":"formathe bruc mercat finca mas roig"},{"@type":"BreadcrumbList","@id":"https:\/\/mercatfincamasroig.com\/producte\/formatge-bruc\/#breadcrumb","itemListElement":[{"@type":"ListItem","position":1,"name":"Portada","item":"https:\/\/mercatfincamasroig.com\/es\/"},{"@type":"ListItem","position":2,"name":"Productes","item":"https:\/\/mercatfincamasroig.com\/shop\/"},{"@type":"ListItem","position":3,"name":"Queso Bruc"}]},{"@type":"WebSite","@id":"https:\/\/mercatfincamasroig.com\/#website","url":"https:\/\/mercatfincamasroig.com\/","name":"C\u00edtrics Finca Mas Roig","description":"Botiga online de producte de mercat a casa de KM0 Terres de l\u2019Ebre","publisher":{"@id":"https:\/\/mercatfincamasroig.com\/#organization"},"potentialAction":[{"@type":"SearchAction","target":{"@type":"EntryPoint","urlTemplate":"https:\/\/mercatfincamasroig.com\/?s={search_term_string}"},"query-input":{"@type":"PropertyValueSpecification","valueRequired":true,"valueName":"search_term_string"}}],"inLanguage":"es"},{"@type":"Organization","@id":"https:\/\/mercatfincamasroig.com\/#organization","name":"C\u00edtrics Finca Mas Roig","url":"https:\/\/mercatfincamasroig.com\/","logo":{"@type":"ImageObject","inLanguage":"es","@id":"https:\/\/mercatfincamasroig.com\/#\/schema\/logo\/image\/","url":"","contentUrl":"","caption":"C\u00edtrics Finca Mas Roig"},"image":{"@id":"https:\/\/mercatfincamasroig.com\/#\/schema\/logo\/image\/"}}]}},"_links":{"self":[{"href":"https:\/\/mercatfincamasroig.com\/es\/wp-json\/wp\/v2\/product\/32222","targetHints":{"allow":["GET"]}}],"collection":[{"href":"https:\/\/mercatfincamasroig.com\/es\/wp-json\/wp\/v2\/product"}],"about":[{"href":"https:\/\/mercatfincamasroig.com\/es\/wp-json\/wp\/v2\/types\/product"}],"wp:featuredmedia":[{"embeddable":true,"href":"https:\/\/mercatfincamasroig.com\/es\/wp-json\/wp\/v2\/media\/29592"}],"wp:attachment":[{"href":"https:\/\/mercatfincamasroig.com\/es\/wp-json\/wp\/v2\/media?parent=32222"}],"wp:term":[{"taxonomy":"product_brand","embeddable":true,"href":"https:\/\/mercatfincamasroig.com\/es\/wp-json\/wp\/v2\/product_brand?post=32222"},{"taxonomy":"product_cat","embeddable":true,"href":"https:\/\/mercatfincamasroig.com\/es\/wp-json\/wp\/v2\/product_cat?post=32222"},{"taxonomy":"product_tag","embeddable":true,"href":"https:\/\/mercatfincamasroig.com\/es\/wp-json\/wp\/v2\/product_tag?post=32222"}],"curies":[{"name":"wp","href":"https:\/\/api.w.org\/{rel}","templated":true}]}}