{"id":32220,"date":"2021-10-26T18:44:37","date_gmt":"2021-10-26T16:44:37","guid":{"rendered":"https:\/\/mercatfincamasroig.com\/producto\/formatge-petrico\/"},"modified":"2024-05-09T15:23:38","modified_gmt":"2024-05-09T14:23:38","slug":"formatge-petrico","status":"publish","type":"product","link":"https:\/\/mercatfincamasroig.com\/es\/producte\/formatge-petrico\/","title":{"rendered":"Queso Petric\u00f3"},"content":{"rendered":"<p>Queso de pasta blanda, elaborado con leche cruda de cabra. De coagulaci\u00f3n l\u00e1ctica y corteza enmohecida natural.<\/p>\n<p>De corteza suave, homog\u00e9nea, h\u00fameda y fr\u00e1gil al tacto. De color blanco-yeso cuando es muy joven y evolucionando hacia el beige a medida que aumenta su maduraci\u00f3n. Presenta una corteza mixta entre lo que se conoce como \u201cpiel de sapo\u201d y el moho blanco, debido a los hongos de afinado que crecen en ella durante su maduraci\u00f3n.<\/p>\n<p>La pasta es blanda al tacto, h\u00fameda, marcadamente tiza y untuosa, muy homog\u00e9nea y sin presencia de ojos. En torno a la corteza la cremosidad es m\u00e1s notable debido a la acci\u00f3n de las bacterias l\u00e1cticas y los hongos durante el proceso de maduraci\u00f3n y afinado del queso.<\/p>\n<p>El aroma predominante es de yogur dulce y bollo en el interior y de c\u00e9sped h\u00famedo en la corteza.<\/p>\n<p>En la pasta o coraz\u00f3n del queso destaca una acidez moderada, propia de este tipo de quesos, con un toque levemente salino, y sabor a nata. La corteza en boca es levemente picante con una suave amargura.<\/p>\n","protected":false},"excerpt":{"rendered":"<ul>\n<li>Queso de pasta blanda, elaborado con leche cruda de cabra.<\/li>\n<li>De coagulaci\u00f3n l\u00e1ctica y corteza enmohecida natural.<\/li>\n<li>Maduraci\u00f3n: 15 d\u00edas aproximadamente.<\/li>\n<li>Tama\u00f1o\/Peso:<br \/>\nPieza entera: 220 gr \u00b1 100 gr<br \/>\nPe\u00e7a sencera: 220 gr \u00b1 100 gr<\/li>\n<\/ul>\n","protected":false},"featured_media":29621,"template":"","meta":[],"product_brand":[],"product_cat":[291,293],"product_tag":[],"class_list":{"0":"post-32220","1":"product","2":"type-product","3":"status-publish","4":"has-post-thumbnail","6":"product_cat-productos-de-granja","7":"product_cat-quesos","9":"first","10":"outofstock","11":"taxable","12":"shipping-taxable","13":"purchasable","14":"product-type-simple"},"yoast_head":"<!-- This site is optimized with the Yoast SEO plugin v26.6 - https:\/\/yoast.com\/wordpress\/plugins\/seo\/ -->\n<title>Queso Petric\u00f3 - Mercat Finca Mas Roig<\/title>\n<meta name=\"description\" content=\"Formatge Petric\u00f3 es un formatge de pasta tova, elaborat amb llet crua de cabra. De coagulaci\u00f3 l\u00e0ctica i escor\u00e7a florida natural.\" \/>\n<meta name=\"robots\" content=\"index, follow, max-snippet:-1, max-image-preview:large, max-video-preview:-1\" \/>\n<link rel=\"canonical\" href=\"https:\/\/mercatfincamasroig.com\/producte\/formatge-petrico\/\" \/>\n<meta property=\"og:locale\" content=\"es_ES\" \/>\n<meta property=\"og:type\" content=\"article\" \/>\n<meta property=\"og:title\" content=\"Queso Petric\u00f3 - Mercat Finca Mas Roig\" \/>\n<meta property=\"og:description\" content=\"Formatge Petric\u00f3 es un formatge de pasta tova, elaborat amb llet crua de cabra. De coagulaci\u00f3 l\u00e0ctica i escor\u00e7a florida natural.\" \/>\n<meta property=\"og:url\" content=\"https:\/\/mercatfincamasroig.com\/producte\/formatge-petrico\/\" \/>\n<meta property=\"og:site_name\" content=\"Mercat Finca Mas Roig\" \/>\n<meta property=\"article:modified_time\" content=\"2024-05-09T14:23:38+00:00\" \/>\n<meta property=\"og:image\" content=\"https:\/\/mercatfincamasroig.com\/wp-content\/uploads\/2021\/10\/formatge-petrico-mercat-finca-mas-roig.jpeg\" \/>\n\t<meta property=\"og:image:width\" content=\"800\" \/>\n\t<meta property=\"og:image:height\" content=\"801\" \/>\n\t<meta property=\"og:image:type\" content=\"image\/jpeg\" \/>\n<meta name=\"twitter:card\" content=\"summary_large_image\" \/>\n<meta name=\"twitter:label1\" content=\"Tiempo de lectura\" \/>\n\t<meta name=\"twitter:data1\" content=\"1 minuto\" \/>\n<script type=\"application\/ld+json\" class=\"yoast-schema-graph\">{\"@context\":\"https:\/\/schema.org\",\"@graph\":[{\"@type\":\"WebPage\",\"@id\":\"https:\/\/mercatfincamasroig.com\/producte\/formatge-petrico\/\",\"url\":\"https:\/\/mercatfincamasroig.com\/producte\/formatge-petrico\/\",\"name\":\"Queso Petric\u00f3 - Mercat Finca Mas Roig\",\"isPartOf\":{\"@id\":\"https:\/\/mercatfincamasroig.com\/#website\"},\"primaryImageOfPage\":{\"@id\":\"https:\/\/mercatfincamasroig.com\/producte\/formatge-petrico\/#primaryimage\"},\"image\":{\"@id\":\"https:\/\/mercatfincamasroig.com\/producte\/formatge-petrico\/#primaryimage\"},\"thumbnailUrl\":\"https:\/\/mercatfincamasroig.com\/wp-content\/uploads\/2021\/10\/formatge-petrico-mercat-finca-mas-roig.jpeg\",\"datePublished\":\"2021-10-26T16:44:37+00:00\",\"dateModified\":\"2024-05-09T14:23:38+00:00\",\"description\":\"Formatge Petric\u00f3 es un formatge de pasta tova, elaborat amb llet crua de cabra. De coagulaci\u00f3 l\u00e0ctica i escor\u00e7a florida natural.\",\"breadcrumb\":{\"@id\":\"https:\/\/mercatfincamasroig.com\/producte\/formatge-petrico\/#breadcrumb\"},\"inLanguage\":\"es\",\"potentialAction\":[{\"@type\":\"ReadAction\",\"target\":[\"https:\/\/mercatfincamasroig.com\/producte\/formatge-petrico\/\"]}]},{\"@type\":\"ImageObject\",\"inLanguage\":\"es\",\"@id\":\"https:\/\/mercatfincamasroig.com\/producte\/formatge-petrico\/#primaryimage\",\"url\":\"https:\/\/mercatfincamasroig.com\/wp-content\/uploads\/2021\/10\/formatge-petrico-mercat-finca-mas-roig.jpeg\",\"contentUrl\":\"https:\/\/mercatfincamasroig.com\/wp-content\/uploads\/2021\/10\/formatge-petrico-mercat-finca-mas-roig.jpeg\",\"width\":800,\"height\":801,\"caption\":\"formatge petrico mercat finca mas roig- Formatge de pasta tova\"},{\"@type\":\"BreadcrumbList\",\"@id\":\"https:\/\/mercatfincamasroig.com\/producte\/formatge-petrico\/#breadcrumb\",\"itemListElement\":[{\"@type\":\"ListItem\",\"position\":1,\"name\":\"Portada\",\"item\":\"https:\/\/mercatfincamasroig.com\/es\/\"},{\"@type\":\"ListItem\",\"position\":2,\"name\":\"Productes\",\"item\":\"https:\/\/mercatfincamasroig.com\/shop\/\"},{\"@type\":\"ListItem\",\"position\":3,\"name\":\"Queso Petric\u00f3\"}]},{\"@type\":\"WebSite\",\"@id\":\"https:\/\/mercatfincamasroig.com\/#website\",\"url\":\"https:\/\/mercatfincamasroig.com\/\",\"name\":\"C\u00edtrics Finca Mas Roig\",\"description\":\"Botiga online de producte de mercat a casa de KM0 Terres de l\u2019Ebre\",\"publisher\":{\"@id\":\"https:\/\/mercatfincamasroig.com\/#organization\"},\"potentialAction\":[{\"@type\":\"SearchAction\",\"target\":{\"@type\":\"EntryPoint\",\"urlTemplate\":\"https:\/\/mercatfincamasroig.com\/?s={search_term_string}\"},\"query-input\":{\"@type\":\"PropertyValueSpecification\",\"valueRequired\":true,\"valueName\":\"search_term_string\"}}],\"inLanguage\":\"es\"},{\"@type\":\"Organization\",\"@id\":\"https:\/\/mercatfincamasroig.com\/#organization\",\"name\":\"C\u00edtrics Finca Mas Roig\",\"url\":\"https:\/\/mercatfincamasroig.com\/\",\"logo\":{\"@type\":\"ImageObject\",\"inLanguage\":\"es\",\"@id\":\"https:\/\/mercatfincamasroig.com\/#\/schema\/logo\/image\/\",\"url\":\"\",\"contentUrl\":\"\",\"caption\":\"C\u00edtrics Finca Mas Roig\"},\"image\":{\"@id\":\"https:\/\/mercatfincamasroig.com\/#\/schema\/logo\/image\/\"}}]}<\/script>\n<!-- \/ Yoast SEO plugin. -->","yoast_head_json":{"title":"Queso Petric\u00f3 - Mercat Finca Mas Roig","description":"Formatge Petric\u00f3 es un formatge de pasta tova, elaborat amb llet crua de cabra. De coagulaci\u00f3 l\u00e0ctica i escor\u00e7a florida natural.","robots":{"index":"index","follow":"follow","max-snippet":"max-snippet:-1","max-image-preview":"max-image-preview:large","max-video-preview":"max-video-preview:-1"},"canonical":"https:\/\/mercatfincamasroig.com\/producte\/formatge-petrico\/","og_locale":"es_ES","og_type":"article","og_title":"Queso Petric\u00f3 - Mercat Finca Mas Roig","og_description":"Formatge Petric\u00f3 es un formatge de pasta tova, elaborat amb llet crua de cabra. De coagulaci\u00f3 l\u00e0ctica i escor\u00e7a florida natural.","og_url":"https:\/\/mercatfincamasroig.com\/producte\/formatge-petrico\/","og_site_name":"Mercat Finca Mas Roig","article_modified_time":"2024-05-09T14:23:38+00:00","og_image":[{"width":800,"height":801,"url":"https:\/\/mercatfincamasroig.com\/wp-content\/uploads\/2021\/10\/formatge-petrico-mercat-finca-mas-roig.jpeg","type":"image\/jpeg"}],"twitter_card":"summary_large_image","twitter_misc":{"Tiempo de lectura":"1 minuto"},"schema":{"@context":"https:\/\/schema.org","@graph":[{"@type":"WebPage","@id":"https:\/\/mercatfincamasroig.com\/producte\/formatge-petrico\/","url":"https:\/\/mercatfincamasroig.com\/producte\/formatge-petrico\/","name":"Queso Petric\u00f3 - Mercat Finca Mas Roig","isPartOf":{"@id":"https:\/\/mercatfincamasroig.com\/#website"},"primaryImageOfPage":{"@id":"https:\/\/mercatfincamasroig.com\/producte\/formatge-petrico\/#primaryimage"},"image":{"@id":"https:\/\/mercatfincamasroig.com\/producte\/formatge-petrico\/#primaryimage"},"thumbnailUrl":"https:\/\/mercatfincamasroig.com\/wp-content\/uploads\/2021\/10\/formatge-petrico-mercat-finca-mas-roig.jpeg","datePublished":"2021-10-26T16:44:37+00:00","dateModified":"2024-05-09T14:23:38+00:00","description":"Formatge Petric\u00f3 es un formatge de pasta tova, elaborat amb llet crua de cabra. De coagulaci\u00f3 l\u00e0ctica i escor\u00e7a florida natural.","breadcrumb":{"@id":"https:\/\/mercatfincamasroig.com\/producte\/formatge-petrico\/#breadcrumb"},"inLanguage":"es","potentialAction":[{"@type":"ReadAction","target":["https:\/\/mercatfincamasroig.com\/producte\/formatge-petrico\/"]}]},{"@type":"ImageObject","inLanguage":"es","@id":"https:\/\/mercatfincamasroig.com\/producte\/formatge-petrico\/#primaryimage","url":"https:\/\/mercatfincamasroig.com\/wp-content\/uploads\/2021\/10\/formatge-petrico-mercat-finca-mas-roig.jpeg","contentUrl":"https:\/\/mercatfincamasroig.com\/wp-content\/uploads\/2021\/10\/formatge-petrico-mercat-finca-mas-roig.jpeg","width":800,"height":801,"caption":"formatge petrico mercat finca mas roig- Formatge de pasta tova"},{"@type":"BreadcrumbList","@id":"https:\/\/mercatfincamasroig.com\/producte\/formatge-petrico\/#breadcrumb","itemListElement":[{"@type":"ListItem","position":1,"name":"Portada","item":"https:\/\/mercatfincamasroig.com\/es\/"},{"@type":"ListItem","position":2,"name":"Productes","item":"https:\/\/mercatfincamasroig.com\/shop\/"},{"@type":"ListItem","position":3,"name":"Queso Petric\u00f3"}]},{"@type":"WebSite","@id":"https:\/\/mercatfincamasroig.com\/#website","url":"https:\/\/mercatfincamasroig.com\/","name":"C\u00edtrics Finca Mas Roig","description":"Botiga online de producte de mercat a casa de KM0 Terres de l\u2019Ebre","publisher":{"@id":"https:\/\/mercatfincamasroig.com\/#organization"},"potentialAction":[{"@type":"SearchAction","target":{"@type":"EntryPoint","urlTemplate":"https:\/\/mercatfincamasroig.com\/?s={search_term_string}"},"query-input":{"@type":"PropertyValueSpecification","valueRequired":true,"valueName":"search_term_string"}}],"inLanguage":"es"},{"@type":"Organization","@id":"https:\/\/mercatfincamasroig.com\/#organization","name":"C\u00edtrics Finca Mas Roig","url":"https:\/\/mercatfincamasroig.com\/","logo":{"@type":"ImageObject","inLanguage":"es","@id":"https:\/\/mercatfincamasroig.com\/#\/schema\/logo\/image\/","url":"","contentUrl":"","caption":"C\u00edtrics Finca Mas Roig"},"image":{"@id":"https:\/\/mercatfincamasroig.com\/#\/schema\/logo\/image\/"}}]}},"_links":{"self":[{"href":"https:\/\/mercatfincamasroig.com\/es\/wp-json\/wp\/v2\/product\/32220","targetHints":{"allow":["GET"]}}],"collection":[{"href":"https:\/\/mercatfincamasroig.com\/es\/wp-json\/wp\/v2\/product"}],"about":[{"href":"https:\/\/mercatfincamasroig.com\/es\/wp-json\/wp\/v2\/types\/product"}],"wp:featuredmedia":[{"embeddable":true,"href":"https:\/\/mercatfincamasroig.com\/es\/wp-json\/wp\/v2\/media\/29621"}],"wp:attachment":[{"href":"https:\/\/mercatfincamasroig.com\/es\/wp-json\/wp\/v2\/media?parent=32220"}],"wp:term":[{"taxonomy":"product_brand","embeddable":true,"href":"https:\/\/mercatfincamasroig.com\/es\/wp-json\/wp\/v2\/product_brand?post=32220"},{"taxonomy":"product_cat","embeddable":true,"href":"https:\/\/mercatfincamasroig.com\/es\/wp-json\/wp\/v2\/product_cat?post=32220"},{"taxonomy":"product_tag","embeddable":true,"href":"https:\/\/mercatfincamasroig.com\/es\/wp-json\/wp\/v2\/product_tag?post=32220"}],"curies":[{"name":"wp","href":"https:\/\/api.w.org\/{rel}","templated":true}]}}