{"id":32219,"date":"2021-10-26T18:51:36","date_gmt":"2021-10-26T16:51:36","guid":{"rendered":"https:\/\/mercatfincamasroig.com\/producto\/formatge-tina\/"},"modified":"2024-05-09T15:23:38","modified_gmt":"2024-05-09T14:23:38","slug":"formatge-tina","status":"publish","type":"product","link":"https:\/\/mercatfincamasroig.com\/es\/producte\/formatge-tina\/","title":{"rendered":"Queso Tina"},"content":{"rendered":"<p>Queso madurado elaborado con leche cruda de oveja. De coagulaci\u00f3n enzim\u00e1tica, pasta prensada y corteza natural cepillada.<\/p>\n<p>Su corteza es heterog\u00e9nea, r\u00fastica, rugosa y dura debida a su larga maduraci\u00f3n. De color gris\u00e1ceo con matices amarillos y marrones entremezclados, debido al cepillado de los hongos que crecen en ella durante su maduraci\u00f3n y afinado.<\/p>\n<p>La pasta es dura al tacto, bastante el\u00e1stica, ligeramente aceitosa, predominantemente gomosa y fundente si se deja atemperar en boca y un punto granulosa al final. De color marcadamente amarillento, caracter\u00edstica propia de la leche de oveja y con presencia de ojos peque\u00f1os y medianos debidos al proceso de moldeado manual y del proceso de maduraci\u00f3n y afinado del queso.<\/p>\n<p>El aroma predominante es de cuero, arcilla y heno seco.<\/p>\n<p>El gusto en la pasta es muy compleja, ligeramente picante, con notas herb\u00e1ceas, de frutos secos, con cierta dulzura de galleta y algunos matices torrefactos. La corteza en boca es una mezcla de gustos picantes, amargos y dulces, compleja como el coraz\u00f3n del mismo queso debido a su largo reposo en las antiguas tinas de vino, ahora restauradas, y convertidas en cavas de maduraci\u00f3n y afinado de quesos.<\/p>\n","protected":false},"excerpt":{"rendered":"<ul>\n<li>Queso madurado elaborado con leche cruda de oveja.<\/li>\n<li>De coagulaci\u00f3n enzim\u00e1tica, pasta prensada y corteza natural cepillada.<\/li>\n<li>Maduraci\u00f3n: 120-140 d\u00edas aproximadamente.<\/li>\n<li>Tama\u00f1o\/Peso:<br \/>\nPieza entera: 2.800 gr \u00b1 200 gr<br \/>\nPe\u00e7a sencera: 2.800 gr \u00b1 200 gr<\/li>\n<\/ul>\n","protected":false},"featured_media":29628,"template":"","meta":[],"product_brand":[],"product_cat":[291,293],"product_tag":[],"class_list":{"0":"post-32219","1":"product","2":"type-product","3":"status-publish","4":"has-post-thumbnail","6":"product_cat-productos-de-granja","7":"product_cat-quesos","9":"first","10":"outofstock","11":"taxable","12":"shipping-taxable","13":"purchasable","14":"product-type-simple"},"yoast_head":"<!-- This site is optimized with the Yoast SEO plugin v26.6 - https:\/\/yoast.com\/wordpress\/plugins\/seo\/ -->\n<title>Queso Tina - Mercat Finca Mas Roig<\/title>\n<meta name=\"description\" content=\"Formatge Tina madurat elaborat amb llet crua d\u2019ovella. De coagulaci\u00f3 enzim\u00e0tica, pasta premsada i escor\u00e7a natural raspallada.\" \/>\n<meta name=\"robots\" content=\"index, follow, max-snippet:-1, max-image-preview:large, max-video-preview:-1\" \/>\n<link rel=\"canonical\" href=\"https:\/\/mercatfincamasroig.com\/producte\/formatge-tina\/\" \/>\n<meta property=\"og:locale\" content=\"es_ES\" \/>\n<meta property=\"og:type\" content=\"article\" \/>\n<meta property=\"og:title\" content=\"Queso Tina - Mercat Finca Mas Roig\" \/>\n<meta property=\"og:description\" content=\"Formatge Tina madurat elaborat amb llet crua d\u2019ovella. De coagulaci\u00f3 enzim\u00e0tica, pasta premsada i escor\u00e7a natural raspallada.\" \/>\n<meta property=\"og:url\" content=\"https:\/\/mercatfincamasroig.com\/producte\/formatge-tina\/\" \/>\n<meta property=\"og:site_name\" content=\"Mercat Finca Mas Roig\" \/>\n<meta property=\"article:modified_time\" content=\"2024-05-09T14:23:38+00:00\" \/>\n<meta property=\"og:image\" content=\"https:\/\/mercatfincamasroig.com\/wp-content\/uploads\/2021\/10\/formatge-tina-mercat-finca-mas-roig-Formatge-madurat-elaborat-amb-llet-crua-dovella.jpeg\" \/>\n\t<meta property=\"og:image:width\" content=\"801\" \/>\n\t<meta property=\"og:image:height\" content=\"800\" \/>\n\t<meta property=\"og:image:type\" content=\"image\/jpeg\" \/>\n<meta name=\"twitter:card\" content=\"summary_large_image\" \/>\n<meta name=\"twitter:label1\" content=\"Tiempo de lectura\" \/>\n\t<meta name=\"twitter:data1\" content=\"1 minuto\" \/>\n<script type=\"application\/ld+json\" class=\"yoast-schema-graph\">{\"@context\":\"https:\/\/schema.org\",\"@graph\":[{\"@type\":\"WebPage\",\"@id\":\"https:\/\/mercatfincamasroig.com\/producte\/formatge-tina\/\",\"url\":\"https:\/\/mercatfincamasroig.com\/producte\/formatge-tina\/\",\"name\":\"Queso Tina - Mercat Finca Mas Roig\",\"isPartOf\":{\"@id\":\"https:\/\/mercatfincamasroig.com\/#website\"},\"primaryImageOfPage\":{\"@id\":\"https:\/\/mercatfincamasroig.com\/producte\/formatge-tina\/#primaryimage\"},\"image\":{\"@id\":\"https:\/\/mercatfincamasroig.com\/producte\/formatge-tina\/#primaryimage\"},\"thumbnailUrl\":\"https:\/\/mercatfincamasroig.com\/wp-content\/uploads\/2021\/10\/formatge-tina-mercat-finca-mas-roig-Formatge-madurat-elaborat-amb-llet-crua-dovella.jpeg\",\"datePublished\":\"2021-10-26T16:51:36+00:00\",\"dateModified\":\"2024-05-09T14:23:38+00:00\",\"description\":\"Formatge Tina madurat elaborat amb llet crua d\u2019ovella. De coagulaci\u00f3 enzim\u00e0tica, pasta premsada i escor\u00e7a natural raspallada.\",\"breadcrumb\":{\"@id\":\"https:\/\/mercatfincamasroig.com\/producte\/formatge-tina\/#breadcrumb\"},\"inLanguage\":\"es\",\"potentialAction\":[{\"@type\":\"ReadAction\",\"target\":[\"https:\/\/mercatfincamasroig.com\/producte\/formatge-tina\/\"]}]},{\"@type\":\"ImageObject\",\"inLanguage\":\"es\",\"@id\":\"https:\/\/mercatfincamasroig.com\/producte\/formatge-tina\/#primaryimage\",\"url\":\"https:\/\/mercatfincamasroig.com\/wp-content\/uploads\/2021\/10\/formatge-tina-mercat-finca-mas-roig-Formatge-madurat-elaborat-amb-llet-crua-dovella.jpeg\",\"contentUrl\":\"https:\/\/mercatfincamasroig.com\/wp-content\/uploads\/2021\/10\/formatge-tina-mercat-finca-mas-roig-Formatge-madurat-elaborat-amb-llet-crua-dovella.jpeg\",\"width\":801,\"height\":800},{\"@type\":\"BreadcrumbList\",\"@id\":\"https:\/\/mercatfincamasroig.com\/producte\/formatge-tina\/#breadcrumb\",\"itemListElement\":[{\"@type\":\"ListItem\",\"position\":1,\"name\":\"Portada\",\"item\":\"https:\/\/mercatfincamasroig.com\/es\/\"},{\"@type\":\"ListItem\",\"position\":2,\"name\":\"Productes\",\"item\":\"https:\/\/mercatfincamasroig.com\/shop\/\"},{\"@type\":\"ListItem\",\"position\":3,\"name\":\"Queso Tina\"}]},{\"@type\":\"WebSite\",\"@id\":\"https:\/\/mercatfincamasroig.com\/#website\",\"url\":\"https:\/\/mercatfincamasroig.com\/\",\"name\":\"C\u00edtrics Finca Mas Roig\",\"description\":\"Botiga online de producte de mercat a casa de KM0 Terres de l\u2019Ebre\",\"publisher\":{\"@id\":\"https:\/\/mercatfincamasroig.com\/#organization\"},\"potentialAction\":[{\"@type\":\"SearchAction\",\"target\":{\"@type\":\"EntryPoint\",\"urlTemplate\":\"https:\/\/mercatfincamasroig.com\/?s={search_term_string}\"},\"query-input\":{\"@type\":\"PropertyValueSpecification\",\"valueRequired\":true,\"valueName\":\"search_term_string\"}}],\"inLanguage\":\"es\"},{\"@type\":\"Organization\",\"@id\":\"https:\/\/mercatfincamasroig.com\/#organization\",\"name\":\"C\u00edtrics Finca Mas Roig\",\"url\":\"https:\/\/mercatfincamasroig.com\/\",\"logo\":{\"@type\":\"ImageObject\",\"inLanguage\":\"es\",\"@id\":\"https:\/\/mercatfincamasroig.com\/#\/schema\/logo\/image\/\",\"url\":\"\",\"contentUrl\":\"\",\"caption\":\"C\u00edtrics Finca Mas Roig\"},\"image\":{\"@id\":\"https:\/\/mercatfincamasroig.com\/#\/schema\/logo\/image\/\"}}]}<\/script>\n<!-- \/ Yoast SEO plugin. -->","yoast_head_json":{"title":"Queso Tina - Mercat Finca Mas Roig","description":"Formatge Tina madurat elaborat amb llet crua d\u2019ovella. De coagulaci\u00f3 enzim\u00e0tica, pasta premsada i escor\u00e7a natural raspallada.","robots":{"index":"index","follow":"follow","max-snippet":"max-snippet:-1","max-image-preview":"max-image-preview:large","max-video-preview":"max-video-preview:-1"},"canonical":"https:\/\/mercatfincamasroig.com\/producte\/formatge-tina\/","og_locale":"es_ES","og_type":"article","og_title":"Queso Tina - Mercat Finca Mas Roig","og_description":"Formatge Tina madurat elaborat amb llet crua d\u2019ovella. De coagulaci\u00f3 enzim\u00e0tica, pasta premsada i escor\u00e7a natural raspallada.","og_url":"https:\/\/mercatfincamasroig.com\/producte\/formatge-tina\/","og_site_name":"Mercat Finca Mas Roig","article_modified_time":"2024-05-09T14:23:38+00:00","og_image":[{"width":801,"height":800,"url":"https:\/\/mercatfincamasroig.com\/wp-content\/uploads\/2021\/10\/formatge-tina-mercat-finca-mas-roig-Formatge-madurat-elaborat-amb-llet-crua-dovella.jpeg","type":"image\/jpeg"}],"twitter_card":"summary_large_image","twitter_misc":{"Tiempo de lectura":"1 minuto"},"schema":{"@context":"https:\/\/schema.org","@graph":[{"@type":"WebPage","@id":"https:\/\/mercatfincamasroig.com\/producte\/formatge-tina\/","url":"https:\/\/mercatfincamasroig.com\/producte\/formatge-tina\/","name":"Queso Tina - Mercat Finca Mas Roig","isPartOf":{"@id":"https:\/\/mercatfincamasroig.com\/#website"},"primaryImageOfPage":{"@id":"https:\/\/mercatfincamasroig.com\/producte\/formatge-tina\/#primaryimage"},"image":{"@id":"https:\/\/mercatfincamasroig.com\/producte\/formatge-tina\/#primaryimage"},"thumbnailUrl":"https:\/\/mercatfincamasroig.com\/wp-content\/uploads\/2021\/10\/formatge-tina-mercat-finca-mas-roig-Formatge-madurat-elaborat-amb-llet-crua-dovella.jpeg","datePublished":"2021-10-26T16:51:36+00:00","dateModified":"2024-05-09T14:23:38+00:00","description":"Formatge Tina madurat elaborat amb llet crua d\u2019ovella. De coagulaci\u00f3 enzim\u00e0tica, pasta premsada i escor\u00e7a natural raspallada.","breadcrumb":{"@id":"https:\/\/mercatfincamasroig.com\/producte\/formatge-tina\/#breadcrumb"},"inLanguage":"es","potentialAction":[{"@type":"ReadAction","target":["https:\/\/mercatfincamasroig.com\/producte\/formatge-tina\/"]}]},{"@type":"ImageObject","inLanguage":"es","@id":"https:\/\/mercatfincamasroig.com\/producte\/formatge-tina\/#primaryimage","url":"https:\/\/mercatfincamasroig.com\/wp-content\/uploads\/2021\/10\/formatge-tina-mercat-finca-mas-roig-Formatge-madurat-elaborat-amb-llet-crua-dovella.jpeg","contentUrl":"https:\/\/mercatfincamasroig.com\/wp-content\/uploads\/2021\/10\/formatge-tina-mercat-finca-mas-roig-Formatge-madurat-elaborat-amb-llet-crua-dovella.jpeg","width":801,"height":800},{"@type":"BreadcrumbList","@id":"https:\/\/mercatfincamasroig.com\/producte\/formatge-tina\/#breadcrumb","itemListElement":[{"@type":"ListItem","position":1,"name":"Portada","item":"https:\/\/mercatfincamasroig.com\/es\/"},{"@type":"ListItem","position":2,"name":"Productes","item":"https:\/\/mercatfincamasroig.com\/shop\/"},{"@type":"ListItem","position":3,"name":"Queso Tina"}]},{"@type":"WebSite","@id":"https:\/\/mercatfincamasroig.com\/#website","url":"https:\/\/mercatfincamasroig.com\/","name":"C\u00edtrics Finca Mas Roig","description":"Botiga online de producte de mercat a casa de KM0 Terres de l\u2019Ebre","publisher":{"@id":"https:\/\/mercatfincamasroig.com\/#organization"},"potentialAction":[{"@type":"SearchAction","target":{"@type":"EntryPoint","urlTemplate":"https:\/\/mercatfincamasroig.com\/?s={search_term_string}"},"query-input":{"@type":"PropertyValueSpecification","valueRequired":true,"valueName":"search_term_string"}}],"inLanguage":"es"},{"@type":"Organization","@id":"https:\/\/mercatfincamasroig.com\/#organization","name":"C\u00edtrics Finca Mas Roig","url":"https:\/\/mercatfincamasroig.com\/","logo":{"@type":"ImageObject","inLanguage":"es","@id":"https:\/\/mercatfincamasroig.com\/#\/schema\/logo\/image\/","url":"","contentUrl":"","caption":"C\u00edtrics Finca Mas Roig"},"image":{"@id":"https:\/\/mercatfincamasroig.com\/#\/schema\/logo\/image\/"}}]}},"_links":{"self":[{"href":"https:\/\/mercatfincamasroig.com\/es\/wp-json\/wp\/v2\/product\/32219","targetHints":{"allow":["GET"]}}],"collection":[{"href":"https:\/\/mercatfincamasroig.com\/es\/wp-json\/wp\/v2\/product"}],"about":[{"href":"https:\/\/mercatfincamasroig.com\/es\/wp-json\/wp\/v2\/types\/product"}],"wp:featuredmedia":[{"embeddable":true,"href":"https:\/\/mercatfincamasroig.com\/es\/wp-json\/wp\/v2\/media\/29628"}],"wp:attachment":[{"href":"https:\/\/mercatfincamasroig.com\/es\/wp-json\/wp\/v2\/media?parent=32219"}],"wp:term":[{"taxonomy":"product_brand","embeddable":true,"href":"https:\/\/mercatfincamasroig.com\/es\/wp-json\/wp\/v2\/product_brand?post=32219"},{"taxonomy":"product_cat","embeddable":true,"href":"https:\/\/mercatfincamasroig.com\/es\/wp-json\/wp\/v2\/product_cat?post=32219"},{"taxonomy":"product_tag","embeddable":true,"href":"https:\/\/mercatfincamasroig.com\/es\/wp-json\/wp\/v2\/product_tag?post=32219"}],"curies":[{"name":"wp","href":"https:\/\/api.w.org\/{rel}","templated":true}]}}