{"id":19533,"date":"2020-07-29T12:04:53","date_gmt":"2020-07-29T10:04:53","guid":{"rendered":"https:\/\/mercatfincamasroig.com\/?post_type=product&#038;p=19533"},"modified":"2024-05-09T15:23:46","modified_gmt":"2024-05-09T14:23:46","slug":"pizza-5-quesos","status":"publish","type":"product","link":"https:\/\/mercatfincamasroig.com\/es\/producte\/pizza-5-quesos\/","title":{"rendered":"Pizza 5 quesos"},"content":{"rendered":"<p>Pizza tradicional 100% 5 quesos.<\/p>\n","protected":false},"excerpt":{"rendered":"<p>Pizza tradicional 100% 5 quesos.<\/p>\n","protected":false},"featured_media":19551,"template":"","meta":[],"product_brand":[],"product_cat":[479,481],"product_tag":[482],"class_list":{"0":"post-19533","1":"product","2":"type-product","3":"status-publish","4":"has-post-thumbnail","6":"product_cat-comida-preparada","7":"product_cat-pizzas","8":"product_tag-pizza","10":"first","11":"outofstock","12":"virtual","13":"taxable","14":"purchasable","15":"product-type-simple"},"yoast_head":"<!-- This site is optimized with the Yoast SEO plugin v26.6 - https:\/\/yoast.com\/wordpress\/plugins\/seo\/ -->\n<title>Pizza 5 quesos - Mercat Finca Mas Roig<\/title>\n<meta name=\"description\" content=\"Pizza 5 quesos tradicional.Elaborada por Carlos Ripoll\u00e9s, panader\u00eda artesanal desde 1925.Encu\u00e9ntrala en Mercat Finca Mas Roig en la secci\u00f3n de comida preparada\" \/>\n<meta name=\"robots\" content=\"index, follow, max-snippet:-1, max-image-preview:large, max-video-preview:-1\" \/>\n<link rel=\"canonical\" href=\"https:\/\/mercatfincamasroig.com\/producte\/pizza-5-formatges\/\" \/>\n<meta property=\"og:locale\" content=\"es_ES\" \/>\n<meta property=\"og:type\" content=\"article\" \/>\n<meta property=\"og:title\" content=\"Pizza 5 quesos - Mercat Finca Mas Roig\" \/>\n<meta property=\"og:description\" content=\"Pizza 5 quesos tradicional.Elaborada por Carlos Ripoll\u00e9s, panader\u00eda artesanal desde 1925.Encu\u00e9ntrala en Mercat Finca Mas Roig en la secci\u00f3n de comida preparada\" \/>\n<meta property=\"og:url\" content=\"https:\/\/mercatfincamasroig.com\/producte\/pizza-5-formatges\/\" \/>\n<meta property=\"og:site_name\" content=\"Mercat Finca Mas Roig\" \/>\n<meta property=\"article:modified_time\" content=\"2024-05-09T14:23:46+00:00\" \/>\n<meta property=\"og:image\" content=\"https:\/\/mercatfincamasroig.com\/wp-content\/uploads\/2020\/07\/pizza-artesanal-5-formatges-mercat-finca-mas-roig-1.jpeg\" \/>\n\t<meta property=\"og:image:width\" content=\"600\" \/>\n\t<meta property=\"og:image:height\" content=\"600\" \/>\n\t<meta property=\"og:image:type\" content=\"image\/jpeg\" \/>\n<meta name=\"twitter:card\" content=\"summary_large_image\" \/>\n<script type=\"application\/ld+json\" class=\"yoast-schema-graph\">{\"@context\":\"https:\/\/schema.org\",\"@graph\":[{\"@type\":\"WebPage\",\"@id\":\"https:\/\/mercatfincamasroig.com\/producte\/pizza-5-formatges\/\",\"url\":\"https:\/\/mercatfincamasroig.com\/producte\/pizza-5-formatges\/\",\"name\":\"Pizza 5 quesos - Mercat Finca Mas Roig\",\"isPartOf\":{\"@id\":\"https:\/\/mercatfincamasroig.com\/#website\"},\"primaryImageOfPage\":{\"@id\":\"https:\/\/mercatfincamasroig.com\/producte\/pizza-5-formatges\/#primaryimage\"},\"image\":{\"@id\":\"https:\/\/mercatfincamasroig.com\/producte\/pizza-5-formatges\/#primaryimage\"},\"thumbnailUrl\":\"https:\/\/mercatfincamasroig.com\/wp-content\/uploads\/2020\/07\/pizza-artesanal-5-formatges-mercat-finca-mas-roig-1.jpeg\",\"datePublished\":\"2020-07-29T10:04:53+00:00\",\"dateModified\":\"2024-05-09T14:23:46+00:00\",\"description\":\"Pizza 5 quesos tradicional.Elaborada por Carlos Ripoll\u00e9s, panader\u00eda artesanal desde 1925.Encu\u00e9ntrala en Mercat Finca Mas Roig en la secci\u00f3n de comida preparada\",\"breadcrumb\":{\"@id\":\"https:\/\/mercatfincamasroig.com\/producte\/pizza-5-formatges\/#breadcrumb\"},\"inLanguage\":\"es\",\"potentialAction\":[{\"@type\":\"ReadAction\",\"target\":[\"https:\/\/mercatfincamasroig.com\/producte\/pizza-5-formatges\/\"]}]},{\"@type\":\"ImageObject\",\"inLanguage\":\"es\",\"@id\":\"https:\/\/mercatfincamasroig.com\/producte\/pizza-5-formatges\/#primaryimage\",\"url\":\"https:\/\/mercatfincamasroig.com\/wp-content\/uploads\/2020\/07\/pizza-artesanal-5-formatges-mercat-finca-mas-roig-1.jpeg\",\"contentUrl\":\"https:\/\/mercatfincamasroig.com\/wp-content\/uploads\/2020\/07\/pizza-artesanal-5-formatges-mercat-finca-mas-roig-1.jpeg\",\"width\":600,\"height\":600,\"caption\":\"pizza artesanal 5 formatges - mercat finca mas roig\"},{\"@type\":\"BreadcrumbList\",\"@id\":\"https:\/\/mercatfincamasroig.com\/producte\/pizza-5-formatges\/#breadcrumb\",\"itemListElement\":[{\"@type\":\"ListItem\",\"position\":1,\"name\":\"Portada\",\"item\":\"https:\/\/mercatfincamasroig.com\/es\/\"},{\"@type\":\"ListItem\",\"position\":2,\"name\":\"Productes\",\"item\":\"https:\/\/mercatfincamasroig.com\/shop\/\"},{\"@type\":\"ListItem\",\"position\":3,\"name\":\"Pizza 5 quesos\"}]},{\"@type\":\"WebSite\",\"@id\":\"https:\/\/mercatfincamasroig.com\/#website\",\"url\":\"https:\/\/mercatfincamasroig.com\/\",\"name\":\"C\u00edtrics Finca Mas Roig\",\"description\":\"Botiga online de producte de mercat a casa de KM0 Terres de l\u2019Ebre\",\"publisher\":{\"@id\":\"https:\/\/mercatfincamasroig.com\/#organization\"},\"potentialAction\":[{\"@type\":\"SearchAction\",\"target\":{\"@type\":\"EntryPoint\",\"urlTemplate\":\"https:\/\/mercatfincamasroig.com\/?s={search_term_string}\"},\"query-input\":{\"@type\":\"PropertyValueSpecification\",\"valueRequired\":true,\"valueName\":\"search_term_string\"}}],\"inLanguage\":\"es\"},{\"@type\":\"Organization\",\"@id\":\"https:\/\/mercatfincamasroig.com\/#organization\",\"name\":\"C\u00edtrics Finca Mas Roig\",\"url\":\"https:\/\/mercatfincamasroig.com\/\",\"logo\":{\"@type\":\"ImageObject\",\"inLanguage\":\"es\",\"@id\":\"https:\/\/mercatfincamasroig.com\/#\/schema\/logo\/image\/\",\"url\":\"\",\"contentUrl\":\"\",\"caption\":\"C\u00edtrics Finca Mas Roig\"},\"image\":{\"@id\":\"https:\/\/mercatfincamasroig.com\/#\/schema\/logo\/image\/\"}}]}<\/script>\n<!-- \/ Yoast SEO plugin. -->","yoast_head_json":{"title":"Pizza 5 quesos - Mercat Finca Mas Roig","description":"Pizza 5 quesos tradicional.Elaborada por Carlos Ripoll\u00e9s, panader\u00eda artesanal desde 1925.Encu\u00e9ntrala en Mercat Finca Mas Roig en la secci\u00f3n de comida preparada","robots":{"index":"index","follow":"follow","max-snippet":"max-snippet:-1","max-image-preview":"max-image-preview:large","max-video-preview":"max-video-preview:-1"},"canonical":"https:\/\/mercatfincamasroig.com\/producte\/pizza-5-formatges\/","og_locale":"es_ES","og_type":"article","og_title":"Pizza 5 quesos - Mercat Finca Mas Roig","og_description":"Pizza 5 quesos tradicional.Elaborada por Carlos Ripoll\u00e9s, panader\u00eda artesanal desde 1925.Encu\u00e9ntrala en Mercat Finca Mas Roig en la secci\u00f3n de comida preparada","og_url":"https:\/\/mercatfincamasroig.com\/producte\/pizza-5-formatges\/","og_site_name":"Mercat Finca Mas Roig","article_modified_time":"2024-05-09T14:23:46+00:00","og_image":[{"width":600,"height":600,"url":"https:\/\/mercatfincamasroig.com\/wp-content\/uploads\/2020\/07\/pizza-artesanal-5-formatges-mercat-finca-mas-roig-1.jpeg","type":"image\/jpeg"}],"twitter_card":"summary_large_image","schema":{"@context":"https:\/\/schema.org","@graph":[{"@type":"WebPage","@id":"https:\/\/mercatfincamasroig.com\/producte\/pizza-5-formatges\/","url":"https:\/\/mercatfincamasroig.com\/producte\/pizza-5-formatges\/","name":"Pizza 5 quesos - Mercat Finca Mas Roig","isPartOf":{"@id":"https:\/\/mercatfincamasroig.com\/#website"},"primaryImageOfPage":{"@id":"https:\/\/mercatfincamasroig.com\/producte\/pizza-5-formatges\/#primaryimage"},"image":{"@id":"https:\/\/mercatfincamasroig.com\/producte\/pizza-5-formatges\/#primaryimage"},"thumbnailUrl":"https:\/\/mercatfincamasroig.com\/wp-content\/uploads\/2020\/07\/pizza-artesanal-5-formatges-mercat-finca-mas-roig-1.jpeg","datePublished":"2020-07-29T10:04:53+00:00","dateModified":"2024-05-09T14:23:46+00:00","description":"Pizza 5 quesos tradicional.Elaborada por Carlos Ripoll\u00e9s, panader\u00eda artesanal desde 1925.Encu\u00e9ntrala en Mercat Finca Mas Roig en la secci\u00f3n de comida preparada","breadcrumb":{"@id":"https:\/\/mercatfincamasroig.com\/producte\/pizza-5-formatges\/#breadcrumb"},"inLanguage":"es","potentialAction":[{"@type":"ReadAction","target":["https:\/\/mercatfincamasroig.com\/producte\/pizza-5-formatges\/"]}]},{"@type":"ImageObject","inLanguage":"es","@id":"https:\/\/mercatfincamasroig.com\/producte\/pizza-5-formatges\/#primaryimage","url":"https:\/\/mercatfincamasroig.com\/wp-content\/uploads\/2020\/07\/pizza-artesanal-5-formatges-mercat-finca-mas-roig-1.jpeg","contentUrl":"https:\/\/mercatfincamasroig.com\/wp-content\/uploads\/2020\/07\/pizza-artesanal-5-formatges-mercat-finca-mas-roig-1.jpeg","width":600,"height":600,"caption":"pizza artesanal 5 formatges - mercat finca mas roig"},{"@type":"BreadcrumbList","@id":"https:\/\/mercatfincamasroig.com\/producte\/pizza-5-formatges\/#breadcrumb","itemListElement":[{"@type":"ListItem","position":1,"name":"Portada","item":"https:\/\/mercatfincamasroig.com\/es\/"},{"@type":"ListItem","position":2,"name":"Productes","item":"https:\/\/mercatfincamasroig.com\/shop\/"},{"@type":"ListItem","position":3,"name":"Pizza 5 quesos"}]},{"@type":"WebSite","@id":"https:\/\/mercatfincamasroig.com\/#website","url":"https:\/\/mercatfincamasroig.com\/","name":"C\u00edtrics Finca Mas Roig","description":"Botiga online de producte de mercat a casa de KM0 Terres de l\u2019Ebre","publisher":{"@id":"https:\/\/mercatfincamasroig.com\/#organization"},"potentialAction":[{"@type":"SearchAction","target":{"@type":"EntryPoint","urlTemplate":"https:\/\/mercatfincamasroig.com\/?s={search_term_string}"},"query-input":{"@type":"PropertyValueSpecification","valueRequired":true,"valueName":"search_term_string"}}],"inLanguage":"es"},{"@type":"Organization","@id":"https:\/\/mercatfincamasroig.com\/#organization","name":"C\u00edtrics Finca Mas Roig","url":"https:\/\/mercatfincamasroig.com\/","logo":{"@type":"ImageObject","inLanguage":"es","@id":"https:\/\/mercatfincamasroig.com\/#\/schema\/logo\/image\/","url":"","contentUrl":"","caption":"C\u00edtrics Finca Mas Roig"},"image":{"@id":"https:\/\/mercatfincamasroig.com\/#\/schema\/logo\/image\/"}}]}},"_links":{"self":[{"href":"https:\/\/mercatfincamasroig.com\/es\/wp-json\/wp\/v2\/product\/19533","targetHints":{"allow":["GET"]}}],"collection":[{"href":"https:\/\/mercatfincamasroig.com\/es\/wp-json\/wp\/v2\/product"}],"about":[{"href":"https:\/\/mercatfincamasroig.com\/es\/wp-json\/wp\/v2\/types\/product"}],"wp:featuredmedia":[{"embeddable":true,"href":"https:\/\/mercatfincamasroig.com\/es\/wp-json\/wp\/v2\/media\/19551"}],"wp:attachment":[{"href":"https:\/\/mercatfincamasroig.com\/es\/wp-json\/wp\/v2\/media?parent=19533"}],"wp:term":[{"taxonomy":"product_brand","embeddable":true,"href":"https:\/\/mercatfincamasroig.com\/es\/wp-json\/wp\/v2\/product_brand?post=19533"},{"taxonomy":"product_cat","embeddable":true,"href":"https:\/\/mercatfincamasroig.com\/es\/wp-json\/wp\/v2\/product_cat?post=19533"},{"taxonomy":"product_tag","embeddable":true,"href":"https:\/\/mercatfincamasroig.com\/es\/wp-json\/wp\/v2\/product_tag?post=19533"}],"curies":[{"name":"wp","href":"https:\/\/api.w.org\/{rel}","templated":true}]}}