{"id":17206,"date":"2020-05-19T17:57:01","date_gmt":"2020-05-19T15:57:01","guid":{"rendered":"https:\/\/mercatfincamasroig.com\/?post_type=product&#038;p=17206"},"modified":"2024-05-09T15:23:47","modified_gmt":"2024-05-09T14:23:47","slug":"caja-mixta-de-pescado-de-lonja-de-sant-carles-de-la-rapita-2kg","status":"publish","type":"product","link":"https:\/\/mercatfincamasroig.com\/es\/producte\/caja-mixta-de-pescado-de-lonja-de-sant-carles-de-la-rapita-2kg\/","title":{"rendered":"2kg pescado de lonja de Sant Carles de la R\u00e0pita"},"content":{"rendered":"<ul>\n<li><strong>Caja mixta de 2Kg de pescado variado fresco de la Lonja de Sant Carles de la R\u00e0pita.<\/strong><\/li>\n<\/ul>\n<p><em>* Selecci\u00f3n seg\u00fan capturas de la semana (azul, blanco, cefal\u00f3podos, marisco y moluscos).<\/em><\/p>\n<ul>\n<li><strong>Se reparte \u00fanicamente los jueves.<\/strong><\/li>\n<li>En el precio se incluye la limpieza del pescado, por lo que todo el pescado que incluye la caja estar\u00e1 listo para cocinar.<\/li>\n<li>Nos encargamos personalmente de la distribuci\u00f3n del pescado para evitar demoras en la entrega, roturas de caja, etc.<\/li>\n<li>Se recomienda dar una direcci\u00f3n de entrega d\u00f3nde seguro haya alguien.<\/li>\n<li>El martes a las 20:00 se cierran las ventas y todas las que entren a posteriori, pasaran a la siguiente semana.<\/li>\n<\/ul>\n<p><strong>\u00a0<\/strong><\/p>\n","protected":false},"excerpt":{"rendered":"<p><strong>Caja mixta de 2 Kg de pescado variado*:<\/strong><\/p>\n<ul>\n<li>Pescado azul<\/li>\n<li>Pescado blanco<\/li>\n<li>Variado de moluscos<\/li>\n<\/ul>\n<p><em>* Selecci\u00f3n seg\u00fan capturas de la semana (azul, blanco, cefal\u00f3podos, marisco y moluscos).<\/em><\/p>\n<ul>\n<li><strong>El martes a las 20:00 se cierran las ventas y todas las que entren a posteriori, pasaran a ser entregadas la siguiente semana.<\/strong><\/li>\n<li><strong>En el precio se incluye la limpieza del pescado, por lo que todo el pescado que incluye la caja estar\u00e1 listo para cocinar.<\/strong><\/li>\n<li><strong>Se reparte \u00fanicamente los jueves.<\/strong><\/li>\n<li><strong>Nos encargamos personalmente de la distribuci\u00f3n del pescado para evitar demoras en la entrega, roturas de caja, etc.<\/strong><\/li>\n<\/ul>\n","protected":false},"featured_media":17208,"template":"","meta":[],"product_brand":[],"product_cat":[467,283,281],"product_tag":[],"class_list":{"0":"post-17206","1":"product","2":"type-product","3":"status-publish","4":"has-post-thumbnail","6":"product_cat-cajas-de-pescado","7":"product_cat-pescado-fresco","8":"product_cat-productos-de-la-lonja","9":"product_shipping_class-esp","11":"first","12":"outofstock","13":"virtual","14":"taxable","15":"purchasable","16":"product-type-simple"},"yoast_head":"<!-- This site is optimized with the Yoast SEO plugin v26.6 - https:\/\/yoast.com\/wordpress\/plugins\/seo\/ -->\n<title>2kg pescado de lonja de Sant Carles de la R\u00e0pita - Mercat Finca Mas Roig<\/title>\n<meta name=\"robots\" content=\"index, follow, max-snippet:-1, max-image-preview:large, max-video-preview:-1\" \/>\n<link rel=\"canonical\" href=\"https:\/\/mercatfincamasroig.com\/producte\/caixa-mixta-de-peix-de-llotja-de-sant-carles-de-la-rapita-2kg\/\" \/>\n<meta property=\"og:locale\" content=\"es_ES\" \/>\n<meta property=\"og:type\" content=\"article\" \/>\n<meta property=\"og:title\" content=\"2kg pescado de lonja de Sant Carles de la R\u00e0pita - Mercat Finca Mas Roig\" \/>\n<meta property=\"og:description\" content=\"Caja mixta de 2 Kg de pescado variado*:   Pescado azul  Pescado blanco  Variado de moluscos  * Selecci\u00f3n seg\u00fan capturas de la semana (azul, blanco, cefal\u00f3podos, marisco y moluscos).   El martes a las 20:00 se cierran las ventas y todas las que entren a posteriori, pasaran a ser entregadas la siguiente semana.  En el precio se incluye la limpieza del pescado, por lo que todo el pescado que incluye la caja estar\u00e1 listo para cocinar.  Se reparte \u00fanicamente los jueves.  Nos encargamos personalmente de la distribuci\u00f3n del pescado para evitar demoras en la entrega, roturas de caja, etc.\" \/>\n<meta property=\"og:url\" content=\"https:\/\/mercatfincamasroig.com\/producte\/caixa-mixta-de-peix-de-llotja-de-sant-carles-de-la-rapita-2kg\/\" \/>\n<meta property=\"og:site_name\" content=\"Mercat Finca Mas Roig\" \/>\n<meta property=\"article:modified_time\" content=\"2024-05-09T14:23:47+00:00\" \/>\n<meta property=\"og:image\" content=\"https:\/\/mercatfincamasroig.com\/wp-content\/uploads\/2020\/04\/caja-pescado-2-kg-mercat-finca-mas-roig.jpg\" \/>\n\t<meta property=\"og:image:width\" content=\"900\" \/>\n\t<meta property=\"og:image:height\" content=\"900\" \/>\n\t<meta property=\"og:image:type\" content=\"image\/jpeg\" \/>\n<meta name=\"twitter:card\" content=\"summary_large_image\" \/>\n<meta name=\"twitter:label1\" content=\"Tiempo de lectura\" \/>\n\t<meta name=\"twitter:data1\" content=\"1 minuto\" \/>\n<script type=\"application\/ld+json\" class=\"yoast-schema-graph\">{\"@context\":\"https:\/\/schema.org\",\"@graph\":[{\"@type\":\"WebPage\",\"@id\":\"https:\/\/mercatfincamasroig.com\/producte\/caixa-mixta-de-peix-de-llotja-de-sant-carles-de-la-rapita-2kg\/\",\"url\":\"https:\/\/mercatfincamasroig.com\/producte\/caixa-mixta-de-peix-de-llotja-de-sant-carles-de-la-rapita-2kg\/\",\"name\":\"2kg pescado de lonja de Sant Carles de la R\u00e0pita - Mercat Finca Mas Roig\",\"isPartOf\":{\"@id\":\"https:\/\/mercatfincamasroig.com\/#website\"},\"primaryImageOfPage\":{\"@id\":\"https:\/\/mercatfincamasroig.com\/producte\/caixa-mixta-de-peix-de-llotja-de-sant-carles-de-la-rapita-2kg\/#primaryimage\"},\"image\":{\"@id\":\"https:\/\/mercatfincamasroig.com\/producte\/caixa-mixta-de-peix-de-llotja-de-sant-carles-de-la-rapita-2kg\/#primaryimage\"},\"thumbnailUrl\":\"https:\/\/mercatfincamasroig.com\/wp-content\/uploads\/2020\/04\/caja-pescado-2-kg-mercat-finca-mas-roig.jpg\",\"datePublished\":\"2020-05-19T15:57:01+00:00\",\"dateModified\":\"2024-05-09T14:23:47+00:00\",\"breadcrumb\":{\"@id\":\"https:\/\/mercatfincamasroig.com\/producte\/caixa-mixta-de-peix-de-llotja-de-sant-carles-de-la-rapita-2kg\/#breadcrumb\"},\"inLanguage\":\"es\",\"potentialAction\":[{\"@type\":\"ReadAction\",\"target\":[\"https:\/\/mercatfincamasroig.com\/producte\/caixa-mixta-de-peix-de-llotja-de-sant-carles-de-la-rapita-2kg\/\"]}]},{\"@type\":\"ImageObject\",\"inLanguage\":\"es\",\"@id\":\"https:\/\/mercatfincamasroig.com\/producte\/caixa-mixta-de-peix-de-llotja-de-sant-carles-de-la-rapita-2kg\/#primaryimage\",\"url\":\"https:\/\/mercatfincamasroig.com\/wp-content\/uploads\/2020\/04\/caja-pescado-2-kg-mercat-finca-mas-roig.jpg\",\"contentUrl\":\"https:\/\/mercatfincamasroig.com\/wp-content\/uploads\/2020\/04\/caja-pescado-2-kg-mercat-finca-mas-roig.jpg\",\"width\":900,\"height\":900},{\"@type\":\"BreadcrumbList\",\"@id\":\"https:\/\/mercatfincamasroig.com\/producte\/caixa-mixta-de-peix-de-llotja-de-sant-carles-de-la-rapita-2kg\/#breadcrumb\",\"itemListElement\":[{\"@type\":\"ListItem\",\"position\":1,\"name\":\"Portada\",\"item\":\"https:\/\/mercatfincamasroig.com\/es\/\"},{\"@type\":\"ListItem\",\"position\":2,\"name\":\"Productes\",\"item\":\"https:\/\/mercatfincamasroig.com\/shop\/\"},{\"@type\":\"ListItem\",\"position\":3,\"name\":\"2kg pescado de lonja de Sant Carles de la R\u00e0pita\"}]},{\"@type\":\"WebSite\",\"@id\":\"https:\/\/mercatfincamasroig.com\/#website\",\"url\":\"https:\/\/mercatfincamasroig.com\/\",\"name\":\"C\u00edtrics Finca Mas Roig\",\"description\":\"Botiga online de producte de mercat a casa de KM0 Terres de l\u2019Ebre\",\"publisher\":{\"@id\":\"https:\/\/mercatfincamasroig.com\/#organization\"},\"potentialAction\":[{\"@type\":\"SearchAction\",\"target\":{\"@type\":\"EntryPoint\",\"urlTemplate\":\"https:\/\/mercatfincamasroig.com\/?s={search_term_string}\"},\"query-input\":{\"@type\":\"PropertyValueSpecification\",\"valueRequired\":true,\"valueName\":\"search_term_string\"}}],\"inLanguage\":\"es\"},{\"@type\":\"Organization\",\"@id\":\"https:\/\/mercatfincamasroig.com\/#organization\",\"name\":\"C\u00edtrics Finca Mas Roig\",\"url\":\"https:\/\/mercatfincamasroig.com\/\",\"logo\":{\"@type\":\"ImageObject\",\"inLanguage\":\"es\",\"@id\":\"https:\/\/mercatfincamasroig.com\/#\/schema\/logo\/image\/\",\"url\":\"\",\"contentUrl\":\"\",\"caption\":\"C\u00edtrics Finca Mas Roig\"},\"image\":{\"@id\":\"https:\/\/mercatfincamasroig.com\/#\/schema\/logo\/image\/\"}}]}<\/script>\n<!-- \/ Yoast SEO plugin. -->","yoast_head_json":{"title":"2kg pescado de lonja de Sant Carles de la R\u00e0pita - Mercat Finca Mas Roig","robots":{"index":"index","follow":"follow","max-snippet":"max-snippet:-1","max-image-preview":"max-image-preview:large","max-video-preview":"max-video-preview:-1"},"canonical":"https:\/\/mercatfincamasroig.com\/producte\/caixa-mixta-de-peix-de-llotja-de-sant-carles-de-la-rapita-2kg\/","og_locale":"es_ES","og_type":"article","og_title":"2kg pescado de lonja de Sant Carles de la R\u00e0pita - Mercat Finca Mas Roig","og_description":"Caja mixta de 2 Kg de pescado variado*:   Pescado azul  Pescado blanco  Variado de moluscos  * Selecci\u00f3n seg\u00fan capturas de la semana (azul, blanco, cefal\u00f3podos, marisco y moluscos).   El martes a las 20:00 se cierran las ventas y todas las que entren a posteriori, pasaran a ser entregadas la siguiente semana.  En el precio se incluye la limpieza del pescado, por lo que todo el pescado que incluye la caja estar\u00e1 listo para cocinar.  Se reparte \u00fanicamente los jueves.  Nos encargamos personalmente de la distribuci\u00f3n del pescado para evitar demoras en la entrega, roturas de caja, etc.","og_url":"https:\/\/mercatfincamasroig.com\/producte\/caixa-mixta-de-peix-de-llotja-de-sant-carles-de-la-rapita-2kg\/","og_site_name":"Mercat Finca Mas Roig","article_modified_time":"2024-05-09T14:23:47+00:00","og_image":[{"width":900,"height":900,"url":"https:\/\/mercatfincamasroig.com\/wp-content\/uploads\/2020\/04\/caja-pescado-2-kg-mercat-finca-mas-roig.jpg","type":"image\/jpeg"}],"twitter_card":"summary_large_image","twitter_misc":{"Tiempo de lectura":"1 minuto"},"schema":{"@context":"https:\/\/schema.org","@graph":[{"@type":"WebPage","@id":"https:\/\/mercatfincamasroig.com\/producte\/caixa-mixta-de-peix-de-llotja-de-sant-carles-de-la-rapita-2kg\/","url":"https:\/\/mercatfincamasroig.com\/producte\/caixa-mixta-de-peix-de-llotja-de-sant-carles-de-la-rapita-2kg\/","name":"2kg pescado de lonja de Sant Carles de la R\u00e0pita - Mercat Finca Mas Roig","isPartOf":{"@id":"https:\/\/mercatfincamasroig.com\/#website"},"primaryImageOfPage":{"@id":"https:\/\/mercatfincamasroig.com\/producte\/caixa-mixta-de-peix-de-llotja-de-sant-carles-de-la-rapita-2kg\/#primaryimage"},"image":{"@id":"https:\/\/mercatfincamasroig.com\/producte\/caixa-mixta-de-peix-de-llotja-de-sant-carles-de-la-rapita-2kg\/#primaryimage"},"thumbnailUrl":"https:\/\/mercatfincamasroig.com\/wp-content\/uploads\/2020\/04\/caja-pescado-2-kg-mercat-finca-mas-roig.jpg","datePublished":"2020-05-19T15:57:01+00:00","dateModified":"2024-05-09T14:23:47+00:00","breadcrumb":{"@id":"https:\/\/mercatfincamasroig.com\/producte\/caixa-mixta-de-peix-de-llotja-de-sant-carles-de-la-rapita-2kg\/#breadcrumb"},"inLanguage":"es","potentialAction":[{"@type":"ReadAction","target":["https:\/\/mercatfincamasroig.com\/producte\/caixa-mixta-de-peix-de-llotja-de-sant-carles-de-la-rapita-2kg\/"]}]},{"@type":"ImageObject","inLanguage":"es","@id":"https:\/\/mercatfincamasroig.com\/producte\/caixa-mixta-de-peix-de-llotja-de-sant-carles-de-la-rapita-2kg\/#primaryimage","url":"https:\/\/mercatfincamasroig.com\/wp-content\/uploads\/2020\/04\/caja-pescado-2-kg-mercat-finca-mas-roig.jpg","contentUrl":"https:\/\/mercatfincamasroig.com\/wp-content\/uploads\/2020\/04\/caja-pescado-2-kg-mercat-finca-mas-roig.jpg","width":900,"height":900},{"@type":"BreadcrumbList","@id":"https:\/\/mercatfincamasroig.com\/producte\/caixa-mixta-de-peix-de-llotja-de-sant-carles-de-la-rapita-2kg\/#breadcrumb","itemListElement":[{"@type":"ListItem","position":1,"name":"Portada","item":"https:\/\/mercatfincamasroig.com\/es\/"},{"@type":"ListItem","position":2,"name":"Productes","item":"https:\/\/mercatfincamasroig.com\/shop\/"},{"@type":"ListItem","position":3,"name":"2kg pescado de lonja de Sant Carles de la R\u00e0pita"}]},{"@type":"WebSite","@id":"https:\/\/mercatfincamasroig.com\/#website","url":"https:\/\/mercatfincamasroig.com\/","name":"C\u00edtrics Finca Mas Roig","description":"Botiga online de producte de mercat a casa de KM0 Terres de l\u2019Ebre","publisher":{"@id":"https:\/\/mercatfincamasroig.com\/#organization"},"potentialAction":[{"@type":"SearchAction","target":{"@type":"EntryPoint","urlTemplate":"https:\/\/mercatfincamasroig.com\/?s={search_term_string}"},"query-input":{"@type":"PropertyValueSpecification","valueRequired":true,"valueName":"search_term_string"}}],"inLanguage":"es"},{"@type":"Organization","@id":"https:\/\/mercatfincamasroig.com\/#organization","name":"C\u00edtrics Finca Mas Roig","url":"https:\/\/mercatfincamasroig.com\/","logo":{"@type":"ImageObject","inLanguage":"es","@id":"https:\/\/mercatfincamasroig.com\/#\/schema\/logo\/image\/","url":"","contentUrl":"","caption":"C\u00edtrics Finca Mas Roig"},"image":{"@id":"https:\/\/mercatfincamasroig.com\/#\/schema\/logo\/image\/"}}]}},"_links":{"self":[{"href":"https:\/\/mercatfincamasroig.com\/es\/wp-json\/wp\/v2\/product\/17206","targetHints":{"allow":["GET"]}}],"collection":[{"href":"https:\/\/mercatfincamasroig.com\/es\/wp-json\/wp\/v2\/product"}],"about":[{"href":"https:\/\/mercatfincamasroig.com\/es\/wp-json\/wp\/v2\/types\/product"}],"wp:featuredmedia":[{"embeddable":true,"href":"https:\/\/mercatfincamasroig.com\/es\/wp-json\/wp\/v2\/media\/17208"}],"wp:attachment":[{"href":"https:\/\/mercatfincamasroig.com\/es\/wp-json\/wp\/v2\/media?parent=17206"}],"wp:term":[{"taxonomy":"product_brand","embeddable":true,"href":"https:\/\/mercatfincamasroig.com\/es\/wp-json\/wp\/v2\/product_brand?post=17206"},{"taxonomy":"product_cat","embeddable":true,"href":"https:\/\/mercatfincamasroig.com\/es\/wp-json\/wp\/v2\/product_cat?post=17206"},{"taxonomy":"product_tag","embeddable":true,"href":"https:\/\/mercatfincamasroig.com\/es\/wp-json\/wp\/v2\/product_tag?post=17206"}],"curies":[{"name":"wp","href":"https:\/\/api.w.org\/{rel}","templated":true}]}}