{"id":16214,"date":"2020-04-01T14:41:11","date_gmt":"2020-04-01T12:41:11","guid":{"rendered":"https:\/\/mercatfincamasroig.com\/?post_type=product&#038;p=16214"},"modified":"2024-05-09T15:23:56","modified_gmt":"2024-05-09T14:23:56","slug":"bizcocho-borratxo","status":"publish","type":"product","link":"https:\/\/mercatfincamasroig.com\/es\/producte\/bizcocho-borratxo\/","title":{"rendered":"Bizcocho borracho"},"content":{"rendered":"","protected":false},"excerpt":{"rendered":"<p>El<strong> bizcocho borracho,<\/strong> tambi\u00e9n conocido simplemente como borracho, es un pastel de la gastronom\u00eda de los Pa\u00efsos Catalans consistente en un bizcocho que, despu\u00e9s de haber sido cocido, se empapa de una soluci\u00f3n de jarabe y un licor.<br \/>\nSe obtiene as\u00ed un pastel muy jugoso y perfumado.<\/p>\n","protected":false},"featured_media":16306,"template":"","meta":[],"product_brand":[],"product_cat":[332,336],"product_tag":[377,375,376],"class_list":{"0":"post-16214","1":"product","2":"type-product","3":"status-publish","4":"has-post-thumbnail","6":"product_cat-panaderia-artesana","7":"product_cat-pastas","8":"product_tag-bizcocho-borracho","9":"product_tag-coc","10":"product_tag-dulces","12":"first","13":"outofstock","14":"virtual","15":"taxable","16":"purchasable","17":"product-type-simple"},"yoast_head":"<!-- This site is optimized with the Yoast SEO plugin v26.6 - https:\/\/yoast.com\/wordpress\/plugins\/seo\/ -->\n<title>Bizcocho borracho - Mercat Finca Mas Roig<\/title>\n<meta name=\"robots\" content=\"index, follow, max-snippet:-1, max-image-preview:large, max-video-preview:-1\" \/>\n<link rel=\"canonical\" href=\"https:\/\/mercatfincamasroig.com\/producte\/coc-borratxo\/\" \/>\n<meta property=\"og:locale\" content=\"es_ES\" \/>\n<meta property=\"og:type\" content=\"article\" \/>\n<meta property=\"og:title\" content=\"Bizcocho borracho - Mercat Finca Mas Roig\" \/>\n<meta property=\"og:description\" content=\"El bizcocho borracho, tambi\u00e9n conocido simplemente como borracho, es un pastel de la gastronom\u00eda de los Pa\u00efsos Catalans consistente en un bizcocho que, despu\u00e9s de haber sido cocido, se empapa de una soluci\u00f3n de jarabe y un licor. Se obtiene as\u00ed un pastel muy jugoso y perfumado.\" \/>\n<meta property=\"og:url\" content=\"https:\/\/mercatfincamasroig.com\/producte\/coc-borratxo\/\" \/>\n<meta property=\"og:site_name\" content=\"Mercat Finca Mas Roig\" \/>\n<meta property=\"article:modified_time\" content=\"2024-05-09T14:23:56+00:00\" \/>\n<meta property=\"og:image\" content=\"https:\/\/mercatfincamasroig.com\/wp-content\/uploads\/2020\/04\/coc-borratxo-finca-mas-roig.jpg\" \/>\n\t<meta property=\"og:image:width\" content=\"900\" \/>\n\t<meta property=\"og:image:height\" content=\"900\" \/>\n\t<meta property=\"og:image:type\" content=\"image\/jpeg\" \/>\n<meta name=\"twitter:card\" content=\"summary_large_image\" \/>\n<script type=\"application\/ld+json\" class=\"yoast-schema-graph\">{\"@context\":\"https:\/\/schema.org\",\"@graph\":[{\"@type\":\"WebPage\",\"@id\":\"https:\/\/mercatfincamasroig.com\/producte\/coc-borratxo\/\",\"url\":\"https:\/\/mercatfincamasroig.com\/producte\/coc-borratxo\/\",\"name\":\"Bizcocho borracho - Mercat Finca Mas Roig\",\"isPartOf\":{\"@id\":\"https:\/\/mercatfincamasroig.com\/#website\"},\"primaryImageOfPage\":{\"@id\":\"https:\/\/mercatfincamasroig.com\/producte\/coc-borratxo\/#primaryimage\"},\"image\":{\"@id\":\"https:\/\/mercatfincamasroig.com\/producte\/coc-borratxo\/#primaryimage\"},\"thumbnailUrl\":\"https:\/\/mercatfincamasroig.com\/wp-content\/uploads\/2020\/04\/coc-borratxo-finca-mas-roig.jpg\",\"datePublished\":\"2020-04-01T12:41:11+00:00\",\"dateModified\":\"2024-05-09T14:23:56+00:00\",\"breadcrumb\":{\"@id\":\"https:\/\/mercatfincamasroig.com\/producte\/coc-borratxo\/#breadcrumb\"},\"inLanguage\":\"es\",\"potentialAction\":[{\"@type\":\"ReadAction\",\"target\":[\"https:\/\/mercatfincamasroig.com\/producte\/coc-borratxo\/\"]}]},{\"@type\":\"ImageObject\",\"inLanguage\":\"es\",\"@id\":\"https:\/\/mercatfincamasroig.com\/producte\/coc-borratxo\/#primaryimage\",\"url\":\"https:\/\/mercatfincamasroig.com\/wp-content\/uploads\/2020\/04\/coc-borratxo-finca-mas-roig.jpg\",\"contentUrl\":\"https:\/\/mercatfincamasroig.com\/wp-content\/uploads\/2020\/04\/coc-borratxo-finca-mas-roig.jpg\",\"width\":900,\"height\":900,\"caption\":\"coc-borratxo-finca-mas-roig\"},{\"@type\":\"BreadcrumbList\",\"@id\":\"https:\/\/mercatfincamasroig.com\/producte\/coc-borratxo\/#breadcrumb\",\"itemListElement\":[{\"@type\":\"ListItem\",\"position\":1,\"name\":\"Portada\",\"item\":\"https:\/\/mercatfincamasroig.com\/es\/\"},{\"@type\":\"ListItem\",\"position\":2,\"name\":\"Productes\",\"item\":\"https:\/\/mercatfincamasroig.com\/shop\/\"},{\"@type\":\"ListItem\",\"position\":3,\"name\":\"Bizcocho borracho\"}]},{\"@type\":\"WebSite\",\"@id\":\"https:\/\/mercatfincamasroig.com\/#website\",\"url\":\"https:\/\/mercatfincamasroig.com\/\",\"name\":\"C\u00edtrics Finca Mas Roig\",\"description\":\"Botiga online de producte de mercat a casa de KM0 Terres de l\u2019Ebre\",\"publisher\":{\"@id\":\"https:\/\/mercatfincamasroig.com\/#organization\"},\"potentialAction\":[{\"@type\":\"SearchAction\",\"target\":{\"@type\":\"EntryPoint\",\"urlTemplate\":\"https:\/\/mercatfincamasroig.com\/?s={search_term_string}\"},\"query-input\":{\"@type\":\"PropertyValueSpecification\",\"valueRequired\":true,\"valueName\":\"search_term_string\"}}],\"inLanguage\":\"es\"},{\"@type\":\"Organization\",\"@id\":\"https:\/\/mercatfincamasroig.com\/#organization\",\"name\":\"C\u00edtrics Finca Mas Roig\",\"url\":\"https:\/\/mercatfincamasroig.com\/\",\"logo\":{\"@type\":\"ImageObject\",\"inLanguage\":\"es\",\"@id\":\"https:\/\/mercatfincamasroig.com\/#\/schema\/logo\/image\/\",\"url\":\"\",\"contentUrl\":\"\",\"caption\":\"C\u00edtrics Finca Mas Roig\"},\"image\":{\"@id\":\"https:\/\/mercatfincamasroig.com\/#\/schema\/logo\/image\/\"}}]}<\/script>\n<!-- \/ Yoast SEO plugin. -->","yoast_head_json":{"title":"Bizcocho borracho - Mercat Finca Mas Roig","robots":{"index":"index","follow":"follow","max-snippet":"max-snippet:-1","max-image-preview":"max-image-preview:large","max-video-preview":"max-video-preview:-1"},"canonical":"https:\/\/mercatfincamasroig.com\/producte\/coc-borratxo\/","og_locale":"es_ES","og_type":"article","og_title":"Bizcocho borracho - Mercat Finca Mas Roig","og_description":"El bizcocho borracho, tambi\u00e9n conocido simplemente como borracho, es un pastel de la gastronom\u00eda de los Pa\u00efsos Catalans consistente en un bizcocho que, despu\u00e9s de haber sido cocido, se empapa de una soluci\u00f3n de jarabe y un licor. Se obtiene as\u00ed un pastel muy jugoso y perfumado.","og_url":"https:\/\/mercatfincamasroig.com\/producte\/coc-borratxo\/","og_site_name":"Mercat Finca Mas Roig","article_modified_time":"2024-05-09T14:23:56+00:00","og_image":[{"width":900,"height":900,"url":"https:\/\/mercatfincamasroig.com\/wp-content\/uploads\/2020\/04\/coc-borratxo-finca-mas-roig.jpg","type":"image\/jpeg"}],"twitter_card":"summary_large_image","schema":{"@context":"https:\/\/schema.org","@graph":[{"@type":"WebPage","@id":"https:\/\/mercatfincamasroig.com\/producte\/coc-borratxo\/","url":"https:\/\/mercatfincamasroig.com\/producte\/coc-borratxo\/","name":"Bizcocho borracho - Mercat Finca Mas Roig","isPartOf":{"@id":"https:\/\/mercatfincamasroig.com\/#website"},"primaryImageOfPage":{"@id":"https:\/\/mercatfincamasroig.com\/producte\/coc-borratxo\/#primaryimage"},"image":{"@id":"https:\/\/mercatfincamasroig.com\/producte\/coc-borratxo\/#primaryimage"},"thumbnailUrl":"https:\/\/mercatfincamasroig.com\/wp-content\/uploads\/2020\/04\/coc-borratxo-finca-mas-roig.jpg","datePublished":"2020-04-01T12:41:11+00:00","dateModified":"2024-05-09T14:23:56+00:00","breadcrumb":{"@id":"https:\/\/mercatfincamasroig.com\/producte\/coc-borratxo\/#breadcrumb"},"inLanguage":"es","potentialAction":[{"@type":"ReadAction","target":["https:\/\/mercatfincamasroig.com\/producte\/coc-borratxo\/"]}]},{"@type":"ImageObject","inLanguage":"es","@id":"https:\/\/mercatfincamasroig.com\/producte\/coc-borratxo\/#primaryimage","url":"https:\/\/mercatfincamasroig.com\/wp-content\/uploads\/2020\/04\/coc-borratxo-finca-mas-roig.jpg","contentUrl":"https:\/\/mercatfincamasroig.com\/wp-content\/uploads\/2020\/04\/coc-borratxo-finca-mas-roig.jpg","width":900,"height":900,"caption":"coc-borratxo-finca-mas-roig"},{"@type":"BreadcrumbList","@id":"https:\/\/mercatfincamasroig.com\/producte\/coc-borratxo\/#breadcrumb","itemListElement":[{"@type":"ListItem","position":1,"name":"Portada","item":"https:\/\/mercatfincamasroig.com\/es\/"},{"@type":"ListItem","position":2,"name":"Productes","item":"https:\/\/mercatfincamasroig.com\/shop\/"},{"@type":"ListItem","position":3,"name":"Bizcocho borracho"}]},{"@type":"WebSite","@id":"https:\/\/mercatfincamasroig.com\/#website","url":"https:\/\/mercatfincamasroig.com\/","name":"C\u00edtrics Finca Mas Roig","description":"Botiga online de producte de mercat a casa de KM0 Terres de l\u2019Ebre","publisher":{"@id":"https:\/\/mercatfincamasroig.com\/#organization"},"potentialAction":[{"@type":"SearchAction","target":{"@type":"EntryPoint","urlTemplate":"https:\/\/mercatfincamasroig.com\/?s={search_term_string}"},"query-input":{"@type":"PropertyValueSpecification","valueRequired":true,"valueName":"search_term_string"}}],"inLanguage":"es"},{"@type":"Organization","@id":"https:\/\/mercatfincamasroig.com\/#organization","name":"C\u00edtrics Finca Mas Roig","url":"https:\/\/mercatfincamasroig.com\/","logo":{"@type":"ImageObject","inLanguage":"es","@id":"https:\/\/mercatfincamasroig.com\/#\/schema\/logo\/image\/","url":"","contentUrl":"","caption":"C\u00edtrics Finca Mas Roig"},"image":{"@id":"https:\/\/mercatfincamasroig.com\/#\/schema\/logo\/image\/"}}]}},"_links":{"self":[{"href":"https:\/\/mercatfincamasroig.com\/es\/wp-json\/wp\/v2\/product\/16214","targetHints":{"allow":["GET"]}}],"collection":[{"href":"https:\/\/mercatfincamasroig.com\/es\/wp-json\/wp\/v2\/product"}],"about":[{"href":"https:\/\/mercatfincamasroig.com\/es\/wp-json\/wp\/v2\/types\/product"}],"wp:featuredmedia":[{"embeddable":true,"href":"https:\/\/mercatfincamasroig.com\/es\/wp-json\/wp\/v2\/media\/16306"}],"wp:attachment":[{"href":"https:\/\/mercatfincamasroig.com\/es\/wp-json\/wp\/v2\/media?parent=16214"}],"wp:term":[{"taxonomy":"product_brand","embeddable":true,"href":"https:\/\/mercatfincamasroig.com\/es\/wp-json\/wp\/v2\/product_brand?post=16214"},{"taxonomy":"product_cat","embeddable":true,"href":"https:\/\/mercatfincamasroig.com\/es\/wp-json\/wp\/v2\/product_cat?post=16214"},{"taxonomy":"product_tag","embeddable":true,"href":"https:\/\/mercatfincamasroig.com\/es\/wp-json\/wp\/v2\/product_tag?post=16214"}],"curies":[{"name":"wp","href":"https:\/\/api.w.org\/{rel}","templated":true}]}}