{"id":149,"date":"2018-08-20T20:21:35","date_gmt":"2018-08-20T20:21:35","guid":{"rendered":"http:\/\/themenectar.com\/demo\/salient-ecommerce-creative\/?page_id=149"},"modified":"2021-03-03T17:53:56","modified_gmt":"2021-03-03T16:53:56","slug":"contacto","status":"publish","type":"page","link":"https:\/\/mercatfincamasroig.com\/es\/contacto\/","title":{"rendered":"Contacto"},"content":{"rendered":"[vc_row type=\u00bbfull_width_content\u00bb full_screen_row_position=\u00bbmiddle\u00bb column_margin=\u00bbdefault\u00bb column_direction=\u00bbdefault\u00bb column_direction_tablet=\u00bbdefault\u00bb column_direction_phone=\u00bbdefault\u00bb bg_color=\u00bb#ffffff\u00bb scene_position=\u00bbcenter\u00bb text_color=\u00bbdark\u00bb text_align=\u00bbleft\u00bb row_border_radius=\u00bbnone\u00bb row_border_radius_applies=\u00bbbg\u00bb overlay_strength=\u00bb0.3&#8243; gradient_direction=\u00bbleft_to_right\u00bb shape_divider_position=\u00bbbottom\u00bb bg_image_animation=\u00bbnone\u00bb][vc_column column_padding=\u00bbno-extra-padding\u00bb column_padding_tablet=\u00bbinherit\u00bb column_padding_phone=\u00bbinherit\u00bb column_padding_position=\u00bball\u00bb background_color_opacity=\u00bb1&#8243; background_hover_color_opacity=\u00bb1&#8243; column_shadow=\u00bbnone\u00bb column_border_radius=\u00bbnone\u00bb column_link_target=\u00bb_self\u00bb gradient_direction=\u00bbleft_to_right\u00bb overlay_strength=\u00bb0.3&#8243; width=\u00bb1\/2&#8243; tablet_width_inherit=\u00bbdefault\u00bb tablet_text_alignment=\u00bbdefault\u00bb phone_text_alignment=\u00bbdefault\u00bb column_border_width=\u00bbnone\u00bb column_border_style=\u00bbsolid\u00bb bg_image_animation=\u00bbnone\u00bb][nectar_gmap map_type=\u00bbleaflet\u00bb zoom=\u00bb13&#8243; marker_style=\u00bbnectar\u00bb color=\u00bbaccent-color\u00bb size=\u00bb560&#8243; map_center_lat=\u00bb40.773543&#8243; map_center_lng=\u00bb0.673872&#8243; map_markers=\u00bb40.773543| 0.673872| C\u00cdTRICS FINCA MAS ROIG\u00bb][\/vc_column][vc_column column_padding=\u00bbpadding-7-percent\u00bb column_padding_tablet=\u00bbinherit\u00bb column_padding_phone=\u00bbinherit\u00bb column_padding_position=\u00bball\u00bb background_color_opacity=\u00bb1&#8243; background_hover_color_opacity=\u00bb1&#8243; column_shadow=\u00bbnone\u00bb column_border_radius=\u00bbnone\u00bb column_link_target=\u00bb_self\u00bb gradient_direction=\u00bbleft_to_right\u00bb overlay_strength=\u00bb0.3&#8243; width=\u00bb1\/2&#8243; tablet_width_inherit=\u00bbdefault\u00bb tablet_text_alignment=\u00bbdefault\u00bb phone_text_alignment=\u00bbdefault\u00bb column_border_width=\u00bbnone\u00bb column_border_style=\u00bbsolid\u00bb bg_image_animation=\u00bbnone\u00bb][vc_column_text]\n<h2 style=\"text-align: center;\">Contacto<\/h2>\n<h2 style=\"text-align: center;\">Mercat Finca Mas Roig<\/h2>\n[\/vc_column_text][vc_text_separator title=\u00bb\u00bb i_icon_fontawesome=\u00bbfa fa-leaf\u00bb i_color=\u00bborange\u00bb color=\u00bbgreen\u00bb el_width=\u00bb40&#8243; add_icon=\u00bbtrue\u00bb][vc_column_text css=\u00bb.vc_custom_1614790419220{margin-top: 30px !important;}\u00bb]\n<p style=\"text-align: left;\"><i class=\"icon-default-style steadysets-icon-map-marker accent-color\"><\/i> Finca Mas Roig,\u00a0 Carretera Tortosa &#8211; Aldea S\/N, KM. 11,5<\/p>\n<p style=\"text-align: left;\"><i class=\"icon-default-style fa fa-phone accent-color\"><\/i> Tel\u00e9fono: +34 689 085 893<\/p>\n<p style=\"text-align: left;\"><i class=\"icon-default-style fa fa-envelope accent-color\"><\/i>\u00a0 E-mail:\u00a0 mercat@mercatfincamasroig.com.<\/p>\n[\/vc_column_text][\/vc_column][\/vc_row][vc_row type=\u00bbfull_width_background\u00bb full_screen_row_position=\u00bbmiddle\u00bb column_margin=\u00bbdefault\u00bb column_direction=\u00bbdefault\u00bb column_direction_tablet=\u00bbdefault\u00bb column_direction_phone=\u00bbdefault\u00bb bg_image=\u00bb571&#8243; bg_position=\u00bbcenter center\u00bb bg_repeat=\u00bbno-repeat\u00bb full_height=\u00bbyes\u00bb scene_position=\u00bbcenter\u00bb top_padding=\u00bb8%\u00bb bottom_padding=\u00bb12%\u00bb text_color=\u00bbdark\u00bb text_align=\u00bbleft\u00bb row_border_radius=\u00bbnone\u00bb row_border_radius_applies=\u00bbbg\u00bb zindex=\u00bb100&#8243; overlay_strength=\u00bb0.95&#8243; gradient_direction=\u00bbleft_to_right\u00bb shape_divider_position=\u00bbbottom\u00bb bg_image_animation=\u00bbnone\u00bb shape_type=\u00bb\u00bb][vc_column column_padding=\u00bbno-extra-padding\u00bb column_padding_tablet=\u00bbinherit\u00bb column_padding_phone=\u00bbinherit\u00bb column_padding_position=\u00bball\u00bb background_color_opacity=\u00bb1&#8243; background_hover_color_opacity=\u00bb1&#8243; column_shadow=\u00bbnone\u00bb column_border_radius=\u00bbnone\u00bb column_link_target=\u00bb_self\u00bb gradient_direction=\u00bbleft_to_right\u00bb overlay_strength=\u00bb0.3&#8243; width=\u00bb1\/2&#8243; tablet_width_inherit=\u00bbdefault\u00bb tablet_text_alignment=\u00bbdefault\u00bb phone_text_alignment=\u00bbdefault\u00bb column_border_width=\u00bbnone\u00bb column_border_style=\u00bbsolid\u00bb bg_image_animation=\u00bbnone\u00bb][nectar_highlighted_text color_type=\u00bbregular\u00bb highlight_color=\u00bb#ff6f3d\u00bb style=\u00bbhalf_text\u00bb]\n<h2>Envia un <em>mensaje<\/em><\/h2>\n[\/nectar_highlighted_text][vc_row_inner column_margin=\u00bbdefault\u00bb column_direction=\u00bbdefault\u00bb column_direction_tablet=\u00bbdefault\u00bb column_direction_phone=\u00bbdefault\u00bb text_align=\u00bbleft\u00bb][vc_column_inner column_padding=\u00bbpadding-6-percent\u00bb column_padding_tablet=\u00bbinherit\u00bb column_padding_phone=\u00bbinherit\u00bb column_padding_position=\u00bball\u00bb bottom_margin=\u00bb-25%\u00bb background_color=\u00bb#ffffff\u00bb background_color_opacity=\u00bb1&#8243; background_hover_color_opacity=\u00bb1&#8243; column_shadow=\u00bbsmall_depth\u00bb column_border_radius=\u00bb10px\u00bb column_link_target=\u00bb_self\u00bb gradient_direction=\u00bbleft_to_right\u00bb overlay_strength=\u00bb0.3&#8243; width=\u00bb1\/1&#8243; tablet_width_inherit=\u00bbdefault\u00bb column_border_width=\u00bbnone\u00bb column_border_style=\u00bbsolid\u00bb bg_image_animation=\u00bbnone\u00bb enable_animation=\u00bbtrue\u00bb animation=\u00bbgrow-in\u00bb]\n<div class=\"wpcf7 no-js\" id=\"wpcf7-f5949-o1\" lang=\"es-ES\" dir=\"ltr\" data-wpcf7-id=\"5949\">\n<div class=\"screen-reader-response\"><p role=\"status\" aria-live=\"polite\" aria-atomic=\"true\"><\/p> <ul><\/ul><\/div>\n<form action=\"\/es\/wp-json\/wp\/v2\/pages\/149#wpcf7-f5949-o1\" method=\"post\" class=\"wpcf7-form init\" aria-label=\"Formulario de contacto\" novalidate=\"novalidate\" data-status=\"init\">\n<fieldset class=\"hidden-fields-container\"><input type=\"hidden\" name=\"_wpcf7\" value=\"5949\" \/><input type=\"hidden\" name=\"_wpcf7_version\" value=\"6.1.4\" \/><input type=\"hidden\" name=\"_wpcf7_locale\" value=\"es_ES\" \/><input type=\"hidden\" name=\"_wpcf7_unit_tag\" value=\"wpcf7-f5949-o1\" \/><input type=\"hidden\" name=\"_wpcf7_container_post\" value=\"0\" \/><input type=\"hidden\" name=\"_wpcf7_posted_data_hash\" value=\"\" \/><input type=\"hidden\" name=\"_wpcf7_recaptcha_response\" value=\"\" \/>\n<\/fieldset>\n<p><label> Nombre y Apellidos<br \/>\n<span class=\"wpcf7-form-control-wrap\" data-name=\"nom\"><input size=\"40\" maxlength=\"400\" class=\"wpcf7-form-control wpcf7-text wpcf7-validates-as-required\" aria-required=\"true\" aria-invalid=\"false\" value=\"\" type=\"text\" name=\"nom\" \/><\/span> <\/label>\n<\/p>\n<p><label>Tel\u00e9fono <span class=\"wpcf7-form-control-wrap\" data-name=\"telefono\"><input size=\"40\" maxlength=\"400\" class=\"wpcf7-form-control wpcf7-tel wpcf7-validates-as-required wpcf7-text wpcf7-validates-as-tel\" aria-required=\"true\" aria-invalid=\"false\" value=\"\" type=\"tel\" name=\"telefono\" \/><\/span> <\/label><br \/>\n<label> Correo electr\u00f3nico <span class=\"wpcf7-form-control-wrap\" data-name=\"your-email\"><input size=\"40\" maxlength=\"400\" class=\"wpcf7-form-control wpcf7-email wpcf7-validates-as-required wpcf7-text wpcf7-validates-as-email\" aria-required=\"true\" aria-invalid=\"false\" value=\"\" type=\"email\" name=\"your-email\" \/><\/span> <\/label><br \/>\n<label> Mensaje<br \/>\n<span class=\"wpcf7-form-control-wrap\" data-name=\"message\"><textarea cols=\"40\" rows=\"10\" maxlength=\"2000\" class=\"wpcf7-form-control wpcf7-textarea\" aria-invalid=\"false\" name=\"message\"><\/textarea><\/span> <\/label>\n<\/p>\n<div class=\"row\">\n\t<div class=\"col-sm-12\">\n\t\t<p><span class=\"wpcf7-form-control-wrap\" data-name=\"checkbox-48\"><span class=\"wpcf7-form-control wpcf7-checkbox wpcf7-validates-as-required\"><span class=\"wpcf7-list-item first last\"><input type=\"checkbox\" name=\"checkbox-48[]\" value=\"He le\u00eddo y acepto la pol\u00edtica de privacidad de Mercat Finca Mas Roig.\" \/><span class=\"wpcf7-list-item-label\">He le\u00eddo y acepto la pol\u00edtica de privacidad de Mercat Finca Mas Roig.<\/span><\/span><\/span><\/span>\n\t\t<\/p>\n\t<\/div>\n<\/div>\n<p><input class=\"wpcf7-form-control wpcf7-submit has-spinner\" type=\"submit\" value=\"Enviar\" \/>\n<\/p><div class=\"wpcf7-response-output\" aria-hidden=\"true\"><\/div>\n<\/form>\n<\/div>\n[\/vc_column_inner][\/vc_row_inner][\/vc_column][vc_column column_padding=\u00bbpadding-2-percent\u00bb column_padding_tablet=\u00bbinherit\u00bb column_padding_phone=\u00bbinherit\u00bb column_padding_position=\u00bbleft\u00bb background_color_opacity=\u00bb1&#8243; background_hover_color_opacity=\u00bb1&#8243; column_shadow=\u00bbnone\u00bb column_border_radius=\u00bbnone\u00bb column_link_target=\u00bb_self\u00bb gradient_direction=\u00bbleft_to_right\u00bb overlay_strength=\u00bb0.3&#8243; width=\u00bb1\/2&#8243; tablet_width_inherit=\u00bbdefault\u00bb tablet_text_alignment=\u00bbdefault\u00bb phone_text_alignment=\u00bbdefault\u00bb column_border_width=\u00bbnone\u00bb column_border_style=\u00bbsolid\u00bb bg_image_animation=\u00bbnone\u00bb][divider line_type=\u00bbNo Line\u00bb custom_height=\u00bb90&#8243;][vc_column_text]\n<div class=\"vc_row wpb_row vc_row-fluid\">\n<div class=\"wpb_column vc_column_container vc_col-sm-12\">\n<div class=\"vc_column-inner \">\n<div class=\"wpb_wrapper\">\n<div class=\"wpb_text_column wpb_content_element \">\n<div class=\"wpb_wrapper\">\n<p data-textformat=\"{&quot;ff&quot;:&quot;verdana,dejavu sans,sans-serif&quot;,&quot;fgc&quot;:&quot;rgb(0,0,0)&quot;,&quot;size&quot;:10,&quot;fs&quot;:&quot;italic&quot;}\" data-doc-id=\"3000003978256\">Av\u00edso Legal<\/p>\n<p class=\"zw-paragraph\" data-textformat=\"{&quot;ff&quot;:&quot;verdana,dejavu sans,sans-serif&quot;,&quot;fgc&quot;:&quot;rgb(0,0,0)&quot;,&quot;size&quot;:10,&quot;fs&quot;:&quot;italic&quot;}\" data-doc-id=\"3000003978256\">Responsable: Finca Mas Roig, SL<\/p>\n<p class=\"zw-paragraph\" data-textformat=\"{&quot;ff&quot;:&quot;verdana,dejavu sans,sans-serif&quot;,&quot;fgc&quot;:&quot;rgb(0,0,0)&quot;,&quot;size&quot;:10,&quot;fs&quot;:&quot;italic&quot;}\">Finalidad: Enviar la informaci\u00f3n solicitada,contacto,\u00a0 gestionar los productos o servicios solicitados y, cuando nos autorices, remitirte informaci\u00f3n y publicidad de las empresas pertenecientes a Finca Mas Roig, SL que pueda ser de tu inter\u00e9s.<\/p>\n<p class=\"zw-paragraph\" data-textformat=\"{&quot;ff&quot;:&quot;verdana,dejavu sans,sans-serif&quot;,&quot;fgc&quot;:&quot;rgb(0,0,0)&quot;,&quot;size&quot;:10,&quot;fs&quot;:&quot;italic&quot;}\">Legitimaci\u00f3n: Para la ejecuci\u00f3n de un contrato o para la aplicaci\u00f3n de medidas precontractuales. Consentimiento del interesado.<\/p>\n<p class=\"zw-paragraph\" data-textformat=\"{&quot;ff&quot;:&quot;verdana,dejavu sans,sans-serif&quot;,&quot;fgc&quot;:&quot;rgb(0,0,0)&quot;,&quot;size&quot;:10,&quot;fs&quot;:&quot;italic&quot;}\">Destinatarios: Tus datos personales podr\u00e1n ser comunicados a las empresas pertenecientes a Finca Mas Roig, SL . S\u00f3lo ser\u00e1n comunicados a terceros ajenos a nuestro grupo de empresas cuando sea estrictamente necesario para el desarrollo de los servicios contratados, para el buen funcionamiento empresarial o por <a href=\"https:\/\/mercatfincamasroig.com\/contacto\/nota-legal\/\">obligaci\u00f3n legal.<\/a><\/p>\n<p class=\"zw-paragraph\" data-textformat=\"{&quot;ff&quot;:&quot;verdana,dejavu sans,sans-serif&quot;,&quot;fgc&quot;:&quot;rgb(0,0,0)&quot;,&quot;size&quot;:10,&quot;fs&quot;:&quot;italic&quot;}\">Derechos:\u00a0Acceso, rectificaci\u00f3n y supresi\u00f3n, limitaci\u00f3n del tratamiento, portabilidad de los datos, oposici\u00f3n y decisiones individuales automatizadas.<\/p>\n<p>Informaci\u00f3n adicional: Puedes consultar la informaci\u00f3n adicional y detallada sobre Protecci\u00f3n de Datos en nuestra\u00a0<a href=\"https:\/\/mercatfincamasroig.com\/contacto\/politica-de-privacidad\/\" target=\"_blank\" rel=\"noopener noreferrer nofollow\">Pol\u00edtica de privacidad.<\/a><\/p>\n<\/div>\n<\/div>\n<div class=\"vc_empty_space\"><\/div>\n<\/div>\n<\/div>\n<\/div>\n<\/div>\n[\/vc_column_text][\/vc_column][\/vc_row]\n","protected":false},"excerpt":{"rendered":"<p>[vc_row type=\u00bbfull_width_content\u00bb full_screen_row_position=\u00bbmiddle\u00bb column_margin=\u00bbdefault\u00bb column_direction=\u00bbdefault\u00bb column_direction_tablet=\u00bbdefault\u00bb column_direction_phone=\u00bbdefault\u00bb bg_color=\u00bb#ffffff\u00bb scene_position=\u00bbcenter\u00bb text_color=\u00bbdark\u00bb text_align=\u00bbleft\u00bb row_border_radius=\u00bbnone\u00bb row_border_radius_applies=\u00bbbg\u00bb overlay_strength=\u00bb0.3&#8243; gradient_direction=\u00bbleft_to_right\u00bb shape_divider_position=\u00bbbottom\u00bb bg_image_animation=\u00bbnone\u00bb][vc_column column_padding=\u00bbno-extra-padding\u00bb column_padding_tablet=\u00bbinherit\u00bb column_padding_phone=\u00bbinherit\u00bb column_padding_position=\u00bball\u00bb background_color_opacity=\u00bb1&#8243; background_hover_color_opacity=\u00bb1&#8243; column_shadow=\u00bbnone\u00bb column_border_radius=\u00bbnone\u00bb&#8230;<\/p>\n","protected":false},"author":1,"featured_media":0,"parent":0,"menu_order":0,"comment_status":"closed","ping_status":"closed","template":"","meta":{"footnotes":""},"class_list":["post-149","page","type-page","status-publish"],"yoast_head":"<!-- This site is optimized with the Yoast SEO plugin v26.6 - https:\/\/yoast.com\/wordpress\/plugins\/seo\/ -->\n<title>Contacto - Mercat Finca Mas Roig - Mercat Finca Mas Roig<\/title>\n<meta name=\"description\" content=\"\u00bfEst\u00e1s buscando c\u00edtricos de KM0 del \u00e1rbol a casa en 24horas o productos frescos de mercado? Ponte en contacto con Mercat Finca Mas Roig.\" \/>\n<meta name=\"robots\" content=\"index, follow, max-snippet:-1, max-image-preview:large, max-video-preview:-1\" \/>\n<link rel=\"canonical\" href=\"https:\/\/mercatfincamasroig.com\/contacte\/\" \/>\n<meta property=\"og:locale\" content=\"es_ES\" \/>\n<meta property=\"og:type\" content=\"article\" \/>\n<meta property=\"og:title\" content=\"Contacto - Mercat Finca Mas Roig - Mercat Finca Mas Roig\" \/>\n<meta property=\"og:description\" content=\"\u00bfEst\u00e1s buscando c\u00edtricos de KM0 del \u00e1rbol a casa en 24horas o productos frescos de mercado? Ponte en contacto con Mercat Finca Mas Roig.\" \/>\n<meta property=\"og:url\" content=\"https:\/\/mercatfincamasroig.com\/contacte\/\" \/>\n<meta property=\"og:site_name\" content=\"Mercat Finca Mas Roig\" \/>\n<meta property=\"article:modified_time\" content=\"2021-03-03T16:53:56+00:00\" \/>\n<meta name=\"twitter:card\" content=\"summary_large_image\" \/>\n<meta name=\"twitter:label1\" content=\"Tiempo de lectura\" \/>\n\t<meta name=\"twitter:data1\" content=\"2 minutos\" \/>\n<script type=\"application\/ld+json\" class=\"yoast-schema-graph\">{\"@context\":\"https:\/\/schema.org\",\"@graph\":[{\"@type\":\"WebPage\",\"@id\":\"https:\/\/mercatfincamasroig.com\/contacte\/\",\"url\":\"https:\/\/mercatfincamasroig.com\/contacte\/\",\"name\":\"Contacto - Mercat Finca Mas Roig - Mercat Finca Mas Roig\",\"isPartOf\":{\"@id\":\"https:\/\/mercatfincamasroig.com\/#website\"},\"datePublished\":\"2018-08-20T20:21:35+00:00\",\"dateModified\":\"2021-03-03T16:53:56+00:00\",\"description\":\"\u00bfEst\u00e1s buscando c\u00edtricos de KM0 del \u00e1rbol a casa en 24horas o productos frescos de mercado? Ponte en contacto con Mercat Finca Mas Roig.\",\"breadcrumb\":{\"@id\":\"https:\/\/mercatfincamasroig.com\/contacte\/#breadcrumb\"},\"inLanguage\":\"es\",\"potentialAction\":[{\"@type\":\"ReadAction\",\"target\":[\"https:\/\/mercatfincamasroig.com\/contacte\/\"]}]},{\"@type\":\"BreadcrumbList\",\"@id\":\"https:\/\/mercatfincamasroig.com\/contacte\/#breadcrumb\",\"itemListElement\":[{\"@type\":\"ListItem\",\"position\":1,\"name\":\"Portada\",\"item\":\"https:\/\/mercatfincamasroig.com\/es\/\"},{\"@type\":\"ListItem\",\"position\":2,\"name\":\"Contacto\"}]},{\"@type\":\"WebSite\",\"@id\":\"https:\/\/mercatfincamasroig.com\/#website\",\"url\":\"https:\/\/mercatfincamasroig.com\/\",\"name\":\"C\u00edtrics Finca Mas Roig\",\"description\":\"Botiga online de producte de mercat a casa de KM0 Terres de l\u2019Ebre\",\"publisher\":{\"@id\":\"https:\/\/mercatfincamasroig.com\/#organization\"},\"potentialAction\":[{\"@type\":\"SearchAction\",\"target\":{\"@type\":\"EntryPoint\",\"urlTemplate\":\"https:\/\/mercatfincamasroig.com\/?s={search_term_string}\"},\"query-input\":{\"@type\":\"PropertyValueSpecification\",\"valueRequired\":true,\"valueName\":\"search_term_string\"}}],\"inLanguage\":\"es\"},{\"@type\":\"Organization\",\"@id\":\"https:\/\/mercatfincamasroig.com\/#organization\",\"name\":\"C\u00edtrics Finca Mas Roig\",\"url\":\"https:\/\/mercatfincamasroig.com\/\",\"logo\":{\"@type\":\"ImageObject\",\"inLanguage\":\"es\",\"@id\":\"https:\/\/mercatfincamasroig.com\/#\/schema\/logo\/image\/\",\"url\":\"\",\"contentUrl\":\"\",\"caption\":\"C\u00edtrics Finca Mas Roig\"},\"image\":{\"@id\":\"https:\/\/mercatfincamasroig.com\/#\/schema\/logo\/image\/\"}}]}<\/script>\n<!-- \/ Yoast SEO plugin. -->","yoast_head_json":{"title":"Contacto - Mercat Finca Mas Roig - Mercat Finca Mas Roig","description":"\u00bfEst\u00e1s buscando c\u00edtricos de KM0 del \u00e1rbol a casa en 24horas o productos frescos de mercado? Ponte en contacto con Mercat Finca Mas Roig.","robots":{"index":"index","follow":"follow","max-snippet":"max-snippet:-1","max-image-preview":"max-image-preview:large","max-video-preview":"max-video-preview:-1"},"canonical":"https:\/\/mercatfincamasroig.com\/contacte\/","og_locale":"es_ES","og_type":"article","og_title":"Contacto - Mercat Finca Mas Roig - Mercat Finca Mas Roig","og_description":"\u00bfEst\u00e1s buscando c\u00edtricos de KM0 del \u00e1rbol a casa en 24horas o productos frescos de mercado? Ponte en contacto con Mercat Finca Mas Roig.","og_url":"https:\/\/mercatfincamasroig.com\/contacte\/","og_site_name":"Mercat Finca Mas Roig","article_modified_time":"2021-03-03T16:53:56+00:00","twitter_card":"summary_large_image","twitter_misc":{"Tiempo de lectura":"2 minutos"},"schema":{"@context":"https:\/\/schema.org","@graph":[{"@type":"WebPage","@id":"https:\/\/mercatfincamasroig.com\/contacte\/","url":"https:\/\/mercatfincamasroig.com\/contacte\/","name":"Contacto - Mercat Finca Mas Roig - Mercat Finca Mas Roig","isPartOf":{"@id":"https:\/\/mercatfincamasroig.com\/#website"},"datePublished":"2018-08-20T20:21:35+00:00","dateModified":"2021-03-03T16:53:56+00:00","description":"\u00bfEst\u00e1s buscando c\u00edtricos de KM0 del \u00e1rbol a casa en 24horas o productos frescos de mercado? Ponte en contacto con Mercat Finca Mas Roig.","breadcrumb":{"@id":"https:\/\/mercatfincamasroig.com\/contacte\/#breadcrumb"},"inLanguage":"es","potentialAction":[{"@type":"ReadAction","target":["https:\/\/mercatfincamasroig.com\/contacte\/"]}]},{"@type":"BreadcrumbList","@id":"https:\/\/mercatfincamasroig.com\/contacte\/#breadcrumb","itemListElement":[{"@type":"ListItem","position":1,"name":"Portada","item":"https:\/\/mercatfincamasroig.com\/es\/"},{"@type":"ListItem","position":2,"name":"Contacto"}]},{"@type":"WebSite","@id":"https:\/\/mercatfincamasroig.com\/#website","url":"https:\/\/mercatfincamasroig.com\/","name":"C\u00edtrics Finca Mas Roig","description":"Botiga online de producte de mercat a casa de KM0 Terres de l\u2019Ebre","publisher":{"@id":"https:\/\/mercatfincamasroig.com\/#organization"},"potentialAction":[{"@type":"SearchAction","target":{"@type":"EntryPoint","urlTemplate":"https:\/\/mercatfincamasroig.com\/?s={search_term_string}"},"query-input":{"@type":"PropertyValueSpecification","valueRequired":true,"valueName":"search_term_string"}}],"inLanguage":"es"},{"@type":"Organization","@id":"https:\/\/mercatfincamasroig.com\/#organization","name":"C\u00edtrics Finca Mas Roig","url":"https:\/\/mercatfincamasroig.com\/","logo":{"@type":"ImageObject","inLanguage":"es","@id":"https:\/\/mercatfincamasroig.com\/#\/schema\/logo\/image\/","url":"","contentUrl":"","caption":"C\u00edtrics Finca Mas Roig"},"image":{"@id":"https:\/\/mercatfincamasroig.com\/#\/schema\/logo\/image\/"}}]}},"_links":{"self":[{"href":"https:\/\/mercatfincamasroig.com\/es\/wp-json\/wp\/v2\/pages\/149","targetHints":{"allow":["GET"]}}],"collection":[{"href":"https:\/\/mercatfincamasroig.com\/es\/wp-json\/wp\/v2\/pages"}],"about":[{"href":"https:\/\/mercatfincamasroig.com\/es\/wp-json\/wp\/v2\/types\/page"}],"author":[{"embeddable":true,"href":"https:\/\/mercatfincamasroig.com\/es\/wp-json\/wp\/v2\/users\/1"}],"replies":[{"embeddable":true,"href":"https:\/\/mercatfincamasroig.com\/es\/wp-json\/wp\/v2\/comments?post=149"}],"version-history":[{"count":0,"href":"https:\/\/mercatfincamasroig.com\/es\/wp-json\/wp\/v2\/pages\/149\/revisions"}],"wp:attachment":[{"href":"https:\/\/mercatfincamasroig.com\/es\/wp-json\/wp\/v2\/media?parent=149"}],"curies":[{"name":"wp","href":"https:\/\/api.w.org\/{rel}","templated":true}]}}